{"id":77,"date":"2019-12-27T11:36:06","date_gmt":"2019-12-27T11:36:06","guid":{"rendered":"https:\/\/wispy.000webhostapp.com\/?page_id=77"},"modified":"2022-11-15T14:20:56","modified_gmt":"2022-11-15T14:20:56","slug":"eula","status":"publish","type":"page","link":"https:\/\/www.thewispy.com\/esp\/eula\/","title":{"rendered":"EULA"},"content":{"rendered":"<section class=\"container\">\n<article class=\"blog-single-content\">\n<h1 class=\"main-section-heading\">EULA \u2013 TheWiSpy<\/h1>\n<h2>Acuerdo de Licencia para el Usuario Final de TheWiSpy<\/h2>\n<p>Antes de comprar la licencia de TheWiSpy, debe leer con atenci\u00f3n nuestro \u201cEULA\u201d o Acuerdo de licencia para el usuario final, por sus siglas en ingl\u00e9s. El EULA es un acuerdo de usuario que incluye los t\u00e9rminos y condiciones que atienden a las regulaciones de nuestra compa\u00f1\u00eda. Por ende, si usted compra e instala la licencia de TheWiSpy, autom\u00e1ticamente estar\u00e1 aceptando los t\u00e9rminos y condiciones que vienen incluidos en la aplicaci\u00f3n, propiedad de TheWiSpy.<\/p>\n<p>Por tanto, el EULA es el acuerdo que establece la relaci\u00f3n entre los usuarios y la compa\u00f1\u00eda, cumple con los criterios de litigio y procesos legales pertinentes.<\/p>\n<p>El EULA detalla los t\u00e9rminos de TheWiSpy. Consecuentemente, si no est\u00e1 de acuerdo en aceptar dichos t\u00e9rminos, la recomendaci\u00f3n correspondiente es que no instale o compre el software de TheWiSpy.<\/p>\n<p>Considere que usted es enteramente responsable de avisar al usuario del dispositivo a monitorear que se estar\u00e1 ejecutando la aplicaci\u00f3n TheWiSpy en el mismo. Si se realiza la instalaci\u00f3n del software TheWiSpy en un dispositivo sin el consentimiento de su propietario, posiblemente existan consecuencias legales.<\/p>\n<p>TheWiSpy, como aplicaci\u00f3n para el rastreo de dispositivos, se ha dise\u00f1ado con prop\u00f3sitos legales \u00fanicamente. Por lo que renunciamos a la responsabilidad si esta aplicaci\u00f3n se usa con fines ilegales.<br \/>\nIgualmente, todas las instalaciones de la aplicaci\u00f3n de TheWiSpy se sujetan a estas condiciones:<\/p>\n<h2>Cobertura de licencia.<\/h2>\n<p>La aplicaci\u00f3n de TheWiSpy permite el acceso del usuario a la licencia de manera limitada, luego de la compra de la misma. Asimismo, los usuarios tienen la obligaci\u00f3n de aceptar los t\u00e9rminos al momento de comprar la aplicaci\u00f3n.<\/p>\n<p>Debe tomar en cuenta que al acordar los t\u00e9rminos de uso, estos no se transferir\u00e1n ni se revocar\u00e1n al momento de ejecutarse la compra, ni siquiera por la solicitud del usuario.<\/p>\n<p>Como usuario, usted debe:<\/p>\n<ul>\n<li><a href=\"https:\/\/www.thewispy.com\/esp\/how-it-works\/\">Instalar el software de TheWiSpy<\/a> en los dispositivos que sean de su propiedad, dependiendo del contrato de licencia que haya comprado.<\/li>\n<li>Despu\u00e9s de revisar sus datos, debe ponerlos disponibles para la aplicaci\u00f3n para su uso.<\/li>\n<li>Realizar la configuraci\u00f3n del programa, para poder realizar el seguimiento en las aplicaciones instaladas, o mediante datos en la nube.<\/li>\n<li>Evitar utilizar la aplicaci\u00f3n de TheWiSpy para monitorear cuentas, aplicaciones o programas en donde no tenga derechos leg\u00edtimos.<\/li>\n<li>No hacer uso de la aplicaci\u00f3n en plataformas basadas en la nube, en caso de que tengan acceso a m\u00faltiples dispositivos de manera virtual. Limite el uso de TheWiSpy seg\u00fan los t\u00e9rminos de licencia que adquiri\u00f3.<\/li>\n<li>Usted, como usuario, es el \u00fanico responsable de ingresar de manera legal a la cuenta, aplicaci\u00f3n o programa, para el cual est\u00e9 usando el software de TheWiSpy.<\/li>\n<\/ul>\n<h2>Declaraci\u00f3n de uso legal.<\/h2>\n<p>La compa\u00f1\u00eda declara de forma clara que la licencia del software TheWiSpy solo est\u00e1 disponible para aquellos usuarios con derecho legal al dispositivo, cuenta, aplicaci\u00f3n o programa a monitorear.<\/p>\n<p>Si una persona instala este software en un programa, aplicaci\u00f3n o dispositivo que no posee legalmente, se considerar\u00e1 como un acto inmoral, que incumple con nuestros t\u00e9rminos y condiciones. En dicho caso, el usuario en cuesti\u00f3n se har\u00e1 responsable de los procedimientos judiciales que ameriten. Como consecuencia, tambi\u00e9n se aplicar\u00e1 las sanciones penales o legales correspondientes al infractor.<\/p>\n<h3>Uso incorrecto del software.<\/h3>\n<p>Si acepta nuestros t\u00e9rminos y condiciones, estar\u00e1 reconociendo que no podr\u00e1 utilizar el software TheWiSpy para realizar amenazas, acosar, hacer difamaciones, chantajes, acechar o quebrantar la privacidad de una persona, bajo ninguna circunstancia. Al mismo tiempo, se har\u00e1 responsable de evitar que el proveedor de la aplicaci\u00f3n sufra da\u00f1os gracias al uso incorrecto de la misma.<\/p>\n<p>Si la empresa hace el descubrimiento del uso de la aplicaci\u00f3n en un dispositivo, sin el consentimiento del propietario, podemos reservarnos el derecho de brindar a la v\u00edctima las instrucciones necesarias para desinstalar la aplicaci\u00f3n. Tambi\u00e9n nos aseguraremos de que la cuenta del infractor sea bloqueada de forma permanente, y que le sea prohibido el uso de la aplicaci\u00f3n de TheWiSpy.<\/p>\n<p>Los datos de cuentas de TheWiSpy est\u00e1n encriptados y terceros no pueden tener acceso a ellos; sin embargo, si las fuerzas del orden o entes legales realizan una intervenci\u00f3n, la compa\u00f1\u00eda est\u00e1 en el deber de divulgar informaci\u00f3n del usuario con fines leg\u00edtimos.<\/p>\n<h2>Licencia.<\/h2>\n<p>TheWiSpy, como aplicaci\u00f3n, tiene protecci\u00f3n por los derechos de propiedad intelectual. La compa\u00f1\u00eda solo brinda el derecho de tener la licencia de la misma, que incluye la retenci\u00f3n,instalaci\u00f3n y su uso personal.<br \/>\nEn tanto, los usuarios se comprometen a obedecer las restricciones a continuaci\u00f3n:<\/p>\n<ul>\n<li>No deben vender, arrendar o alquilar la aplicaci\u00f3n.<\/li>\n<li>Tampoco pueden redistribuir u otorgar licencias del software.<\/li>\n<li>Se proh\u00edbe el desglose o compilaci\u00f3n de cualquier parte de la aplicaci\u00f3n.<\/li>\n<li>Queda restringida la modificaci\u00f3n del c\u00f3digo de fuente de la aplicaci\u00f3n. Al igual que desarrollar una aplicaci\u00f3n derivada del c\u00f3digo de la aplicaci\u00f3n.<\/li>\n<li>Est\u00e1 prohibido poner a disposici\u00f3n de otras personas la aplicaci\u00f3n de TheWiSpy, sin el consentimiento previo de la compa\u00f1\u00eda.<\/li>\n<li>No se puede hacer duplicados del software por ning\u00fan motivo.<\/li>\n<\/ul>\n<p>Si se realizan cualquiera de las anteriores actividades, la compa\u00f1\u00eda lo considerar\u00e1 como una violaci\u00f3n del acuerdo de usuario. Dicho incumplimiento a los t\u00e9rminos y condiciones, dentro del acuerdo del usuario, dar\u00e1 derecho a exponer al infractor a sanciones legales.<\/p>\n<h2>T\u00e9rminos e invalidaci\u00f3n.<\/h2>\n<p>Esta secci\u00f3n tiene el fin de mencionar que la licencia de uso de TheWiSpy est\u00e1 limitada a una suscripci\u00f3n, seg\u00fan el plan que el usuario pag\u00f3 y con el cual se registr\u00f3. Dicho acceso y uso tiene fin cuando expira la mencionada suscripci\u00f3n, lo cual no inhibe que los usuarios puedan hacer una renovaci\u00f3n de la misma. De no haber una renovaci\u00f3n, salen en vigencia las restricciones de suscripci\u00f3n, y el usuario debe desinstalar el software del dispositivo monitoreado.<\/p>\n<p>Los t\u00e9rminos y condiciones de la compa\u00f1\u00eda tambi\u00e9n se basan en lo siguiente:<\/p>\n<h3>Una garant\u00eda limitada.<\/h3>\n<p>La aplicaci\u00f3n de TheWiSpy ofrece una garant\u00eda limitada de la licencia, la cual vence cuando termina su suscripci\u00f3n. En caso de que el usuario reciba actualizaciones o complementos de la aplicaci\u00f3n en ese tiempo, la garant\u00eda podr\u00e1 extenderse hasta que llegue la fecha de finalizaci\u00f3n del plan adquirido. Dicha garant\u00eda tiene duraci\u00f3n \u00fanicamente durante los t\u00e9rminos de la garant\u00eda limitada.<\/p>\n<h3>Exclusiones de la garant\u00eda.<\/h3>\n<p>TheWiSpy puede excluir inmediatamente la garant\u00eda proporcionada si el usuario, u otra parte, comete alguna infracci\u00f3n.<\/p>\n<h3>Limitaciones de responsabilidad.<\/h3>\n<p>El usuario debe reconocer que ha le\u00eddo, comprendido y dado su consentimiento a los t\u00e9rminos y condiciones del uso de la aplicaci\u00f3n TheWiSpy al momento de instalar la misma. Por lo tanto, todos los usuarios est\u00e1n sujetos a t\u00e9rminos y condiciones expl\u00edcitos e impl\u00edcitos.<\/p>\n<p>Dicho esto, nadie, adem\u00e1s de la compa\u00f1\u00eda, podr\u00e1n imponer t\u00e9rminos y condiciones adicionales a la licencia del software. Por \u00faltimo, este acuerdo podr\u00e1 ser procesable en lo que respecta a derechos de consentimiento, en todas las jurisdicciones dentro del mundo.<\/p>\n<h3>Uso internacional.<\/h3>\n<p>El uso de la aplicaci\u00f3n de TheWiSpy est\u00e1 disponible en todo el mundo, exceptuando los pa\u00edses restringidos por el Departamento del Tesoro o por Seguridad Nacional de los Estados Unidos, o de cualquier naci\u00f3n. Por lo tanto, si acepta los t\u00e9rminos y condiciones, estar\u00e1 confirmando autom\u00e1ticamente que no se encuentra en ninguna regi\u00f3n restringida por los mencionados.<br \/>\n<\/article>\n<\/section>\n","protected":false},"excerpt":{"rendered":"<p>EULA \u2013 TheWiSpy Acuerdo de Licencia para el Usuario Final de TheWiSpy Antes de comprar la licencia de TheWiSpy, debe leer con atenci\u00f3n nuestro \u201cEULA\u201d o Acuerdo de licencia para el usuario final, por sus siglas en ingl\u00e9s. El EULA es un acuerdo de usuario que incluye los t\u00e9rminos y condiciones que atienden a las [&hellip;]<\/p>\n","protected":false},"author":1,"featured_media":2109,"parent":0,"menu_order":0,"comment_status":"closed","ping_status":"closed","template":"","meta":{"footnotes":""},"yoast_head":"<!-- This site is optimized with the Yoast SEO plugin v20.8 - https:\/\/yoast.com\/wordpress\/plugins\/seo\/ -->\n<title>Acuerdo de licencia de usuario final | Aplicaci\u00f3n TheWiSpy Mobile Tracker<\/title>\n<meta name=\"description\" content=\"El Acuerdo de licencia de usuario final de WiSpy describe los t\u00e9rminos y condiciones contractuales que el usuario debe aceptar al comprar o finalizar el registro.\" \/>\n<meta name=\"robots\" content=\"index, follow, max-snippet:-1, max-image-preview:large, max-video-preview:-1\" \/>\n<link rel=\"canonical\" href=\"https:\/\/www.thewispy.com\/esp\/\" \/>\n<meta property=\"og:locale\" content=\"en_US\" \/>\n<meta property=\"og:type\" content=\"article\" \/>\n<meta property=\"og:title\" content=\"Acuerdo de licencia de usuario final | Aplicaci\u00f3n TheWiSpy Mobile Tracker\" \/>\n<meta property=\"og:description\" content=\"El Acuerdo de licencia de usuario final de WiSpy describe los t\u00e9rminos y condiciones contractuales que el usuario debe aceptar al comprar o finalizar el registro.\" \/>\n<meta property=\"og:url\" content=\"https:\/\/www.thewispy.com\/esp\/\" \/>\n<meta property=\"og:site_name\" content=\"TheWiSpy\" \/>\n<meta property=\"article:publisher\" content=\"https:\/\/www.facebook.com\/thewispyapp\/\" \/>\n<meta property=\"article:modified_time\" content=\"2022-11-15T14:20:56+00:00\" \/>\n<meta property=\"og:image\" content=\"https:\/\/www.thewispy.com\/esp\/wp-content\/uploads\/2020\/09\/get_free_app_banner.png\" \/>\n\t<meta property=\"og:image:width\" content=\"192\" \/>\n\t<meta property=\"og:image:height\" content=\"93\" \/>\n\t<meta property=\"og:image:type\" content=\"image\/png\" \/>\n<meta name=\"twitter:card\" content=\"summary_large_image\" \/>\n<meta name=\"twitter:site\" content=\"@thewispyapp\" \/>\n<meta name=\"twitter:label1\" content=\"Est. reading time\" \/>\n\t<meta name=\"twitter:data1\" content=\"6 minutes\" \/>\n<script type=\"application\/ld+json\" class=\"yoast-schema-graph\">{\"@context\":\"https:\/\/schema.org\",\"@graph\":[{\"@type\":\"WebPage\",\"@id\":\"https:\/\/www.thewispy.com\/esp\/eula\/\",\"url\":\"https:\/\/www.thewispy.com\/esp\/\",\"name\":\"Acuerdo de licencia de usuario final | Aplicaci\u00f3n TheWiSpy Mobile Tracker\",\"isPartOf\":{\"@id\":\"https:\/\/www.thewispy.com\/esp\/#website\"},\"datePublished\":\"2019-12-27T11:36:06+00:00\",\"dateModified\":\"2022-11-15T14:20:56+00:00\",\"description\":\"El Acuerdo de licencia de usuario final de WiSpy describe los t\u00e9rminos y condiciones contractuales que el usuario debe aceptar al comprar o finalizar el registro.\",\"breadcrumb\":{\"@id\":\"https:\/\/www.thewispy.com\/esp\/#breadcrumb\"},\"inLanguage\":\"en-US\",\"potentialAction\":[{\"@type\":\"ReadAction\",\"target\":[\"https:\/\/www.thewispy.com\/esp\/\"]}]},{\"@type\":\"BreadcrumbList\",\"@id\":\"https:\/\/www.thewispy.com\/esp\/#breadcrumb\",\"itemListElement\":[{\"@type\":\"ListItem\",\"position\":1,\"name\":\"Home\",\"item\":\"https:\/\/www.thewispy.com\/esp\/\"},{\"@type\":\"ListItem\",\"position\":2,\"name\":\"EULA\"}]},{\"@type\":\"WebSite\",\"@id\":\"https:\/\/www.thewispy.com\/esp\/#website\",\"url\":\"https:\/\/www.thewispy.com\/esp\/\",\"name\":\"TheWiSpy\",\"description\":\"Aplicaci\u00f3n esp\u00eda para tel\u00e9fonos m\u00f3viles | Software de seguimiento y monitoreo m\u00f3vil\",\"publisher\":{\"@id\":\"https:\/\/www.thewispy.com\/esp\/#organization\"},\"potentialAction\":[{\"@type\":\"SearchAction\",\"target\":{\"@type\":\"EntryPoint\",\"urlTemplate\":\"https:\/\/www.thewispy.com\/esp\/?s={search_term_string}\"},\"query-input\":\"required name=search_term_string\"}],\"inLanguage\":\"en-US\"},{\"@type\":\"Organization\",\"@id\":\"https:\/\/www.thewispy.com\/esp\/#organization\",\"name\":\"TheWiSpy\",\"url\":\"https:\/\/www.thewispy.com\/esp\/\",\"logo\":{\"@type\":\"ImageObject\",\"inLanguage\":\"en-US\",\"@id\":\"https:\/\/www.thewispy.com\/esp\/#\/schema\/logo\/image\/\",\"url\":\"https:\/\/www.thewispy.com\/esp\/wp-content\/uploads\/2020\/09\/TheWiSpy-spy-app-official-logo-768-320.png\",\"contentUrl\":\"https:\/\/www.thewispy.com\/esp\/wp-content\/uploads\/2020\/09\/TheWiSpy-spy-app-official-logo-768-320.png\",\"width\":768,\"height\":320,\"caption\":\"TheWiSpy\"},\"image\":{\"@id\":\"https:\/\/www.thewispy.com\/esp\/#\/schema\/logo\/image\/\"},\"sameAs\":[\"https:\/\/www.facebook.com\/thewispyapp\/\",\"https:\/\/twitter.com\/thewispyapp\",\"https:\/\/www.instagram.com\/wispyapp\/\",\"https:\/\/www.linkedin.com\/company\/thewispy\/\",\"https:\/\/www.pinterest.com\/thewispyapp\/\",\"https:\/\/www.youtube.com\/channel\/UCpLV6oLY1Ot83LBcsKMa7Rg\"]}]}<\/script>\n<!-- \/ Yoast SEO plugin. -->","yoast_head_json":{"title":"Acuerdo de licencia de usuario final | Aplicaci\u00f3n TheWiSpy Mobile Tracker","description":"El Acuerdo de licencia de usuario final de WiSpy describe los t\u00e9rminos y condiciones contractuales que el usuario debe aceptar al comprar o finalizar el registro.","robots":{"index":"index","follow":"follow","max-snippet":"max-snippet:-1","max-image-preview":"max-image-preview:large","max-video-preview":"max-video-preview:-1"},"canonical":"https:\/\/www.thewispy.com\/esp\/","og_locale":"en_US","og_type":"article","og_title":"Acuerdo de licencia de usuario final | Aplicaci\u00f3n TheWiSpy Mobile Tracker","og_description":"El Acuerdo de licencia de usuario final de WiSpy describe los t\u00e9rminos y condiciones contractuales que el usuario debe aceptar al comprar o finalizar el registro.","og_url":"https:\/\/www.thewispy.com\/esp\/","og_site_name":"TheWiSpy","article_publisher":"https:\/\/www.facebook.com\/thewispyapp\/","article_modified_time":"2022-11-15T14:20:56+00:00","og_image":[{"width":192,"height":93,"url":"https:\/\/www.thewispy.com\/esp\/wp-content\/uploads\/2020\/09\/get_free_app_banner.png","type":"image\/png"}],"twitter_card":"summary_large_image","twitter_site":"@thewispyapp","twitter_misc":{"Est. reading time":"6 minutes"},"schema":{"@context":"https:\/\/schema.org","@graph":[{"@type":"WebPage","@id":"https:\/\/www.thewispy.com\/esp\/eula\/","url":"https:\/\/www.thewispy.com\/esp\/","name":"Acuerdo de licencia de usuario final | Aplicaci\u00f3n TheWiSpy Mobile Tracker","isPartOf":{"@id":"https:\/\/www.thewispy.com\/esp\/#website"},"datePublished":"2019-12-27T11:36:06+00:00","dateModified":"2022-11-15T14:20:56+00:00","description":"El Acuerdo de licencia de usuario final de WiSpy describe los t\u00e9rminos y condiciones contractuales que el usuario debe aceptar al comprar o finalizar el registro.","breadcrumb":{"@id":"https:\/\/www.thewispy.com\/esp\/#breadcrumb"},"inLanguage":"en-US","potentialAction":[{"@type":"ReadAction","target":["https:\/\/www.thewispy.com\/esp\/"]}]},{"@type":"BreadcrumbList","@id":"https:\/\/www.thewispy.com\/esp\/#breadcrumb","itemListElement":[{"@type":"ListItem","position":1,"name":"Home","item":"https:\/\/www.thewispy.com\/esp\/"},{"@type":"ListItem","position":2,"name":"EULA"}]},{"@type":"WebSite","@id":"https:\/\/www.thewispy.com\/esp\/#website","url":"https:\/\/www.thewispy.com\/esp\/","name":"TheWiSpy","description":"Aplicaci\u00f3n esp\u00eda para tel\u00e9fonos m\u00f3viles | Software de seguimiento y monitoreo m\u00f3vil","publisher":{"@id":"https:\/\/www.thewispy.com\/esp\/#organization"},"potentialAction":[{"@type":"SearchAction","target":{"@type":"EntryPoint","urlTemplate":"https:\/\/www.thewispy.com\/esp\/?s={search_term_string}"},"query-input":"required name=search_term_string"}],"inLanguage":"en-US"},{"@type":"Organization","@id":"https:\/\/www.thewispy.com\/esp\/#organization","name":"TheWiSpy","url":"https:\/\/www.thewispy.com\/esp\/","logo":{"@type":"ImageObject","inLanguage":"en-US","@id":"https:\/\/www.thewispy.com\/esp\/#\/schema\/logo\/image\/","url":"https:\/\/www.thewispy.com\/esp\/wp-content\/uploads\/2020\/09\/TheWiSpy-spy-app-official-logo-768-320.png","contentUrl":"https:\/\/www.thewispy.com\/esp\/wp-content\/uploads\/2020\/09\/TheWiSpy-spy-app-official-logo-768-320.png","width":768,"height":320,"caption":"TheWiSpy"},"image":{"@id":"https:\/\/www.thewispy.com\/esp\/#\/schema\/logo\/image\/"},"sameAs":["https:\/\/www.facebook.com\/thewispyapp\/","https:\/\/twitter.com\/thewispyapp","https:\/\/www.instagram.com\/wispyapp\/","https:\/\/www.linkedin.com\/company\/thewispy\/","https:\/\/www.pinterest.com\/thewispyapp\/","https:\/\/www.youtube.com\/channel\/UCpLV6oLY1Ot83LBcsKMa7Rg"]}]}},"_links":{"self":[{"href":"https:\/\/www.thewispy.com\/esp\/wp-json\/wp\/v2\/pages\/77"}],"collection":[{"href":"https:\/\/www.thewispy.com\/esp\/wp-json\/wp\/v2\/pages"}],"about":[{"href":"https:\/\/www.thewispy.com\/esp\/wp-json\/wp\/v2\/types\/page"}],"author":[{"embeddable":true,"href":"https:\/\/www.thewispy.com\/esp\/wp-json\/wp\/v2\/users\/1"}],"replies":[{"embeddable":true,"href":"https:\/\/www.thewispy.com\/esp\/wp-json\/wp\/v2\/comments?post=77"}],"version-history":[{"count":3,"href":"https:\/\/www.thewispy.com\/esp\/wp-json\/wp\/v2\/pages\/77\/revisions"}],"predecessor-version":[{"id":6490,"href":"https:\/\/www.thewispy.com\/esp\/wp-json\/wp\/v2\/pages\/77\/revisions\/6490"}],"wp:featuredmedia":[{"embeddable":true,"href":"https:\/\/www.thewispy.com\/esp\/wp-json\/wp\/v2\/media\/2109"}],"wp:attachment":[{"href":"https:\/\/www.thewispy.com\/esp\/wp-json\/wp\/v2\/media?parent=77"}],"curies":[{"name":"wp","href":"https:\/\/api.w.org\/{rel}","templated":true}]}}