{"id":731,"date":"2020-04-15T13:09:37","date_gmt":"2020-04-15T13:09:37","guid":{"rendered":"https:\/\/www.thewispy.com\/esp\/?page_id=731"},"modified":"2021-12-06T11:25:16","modified_gmt":"2021-12-06T11:25:16","slug":"terms","status":"publish","type":"page","link":"https:\/\/www.thewispy.com\/esp\/terms\/","title":{"rendered":"Condiciones"},"content":{"rendered":"<section class=\"container\">\n<article class=\"blog-single-content\">\n<h2 class=\"main-section-heading\">T\u00e9rminos y condiciones de TheWiSpy<\/h2>\n<p>Este acuerdo establece los t\u00e9rminos y condiciones legales obligatorios para el uso del sitio web de TheWiSpy. En este acuerdo el empleo de los t\u00e9rminos &#8220;nosotros&#8221; y &#8220;nuestro&#8221; se refieren a  TheWiSpy mientras que el t\u00e9rmino &#8220;usted&#8221; se refiere al usuario final.<\/p>\n<p>El usuario final deber\u00e1 reconocer todos los t\u00e9rminos y condiciones de TheWiSpy mencionados para el uso de la aplicaci\u00f3n, as\u00ed como del sitio de TheWiSpy. De no aceptar los requisitos de este acuerdo o tener alguna objeci\u00f3n con respecto a nuestros t\u00e9rminos y condiciones, deber\u00e1 dejar de usar los servicios de TheWiSpy inmediatamente.<\/p>\n<p>Todos los usuarios necesitan leer nuestros t\u00e9rminos de reembolso detalladamente. Esta pol\u00edtica de reembolso explica el derecho del cliente. Ciertas reglas y restricciones aplican.<\/p>\n<h3>Culminaci\u00f3n del servicio:<\/h3>\n<p>TheWiSpy se reserva el derecho de modificar, alterar o actualizar este acuerdo en cualquier momento y sin previo aviso. De realizarse alg\u00fan cambio; en nuestro sitio web se publicar\u00e1 una notificaci\u00f3n sobre dicha alteraci\u00f3n. El usuario podr\u00e1 continuar luego de reconocer la actualizaci\u00f3n del acuerdo.<\/p>\n<ul>\n<li>TheWiSpy dar\u00e1 por finalizado sus servicios si encuentra que;<\/li>\n<li>El usuario viola cualquiera de las cl\u00e1usulas de este acuerdo.<\/li>\n<li>El usuario vulnera la privacidad de alguien sin su consentimiento.<\/li>\n<li>La inactividad del usuario en relaci\u00f3n con los servicios de TheWiSpy.<\/li>\n<li>La falta de pago por parte del usuario para extender los servicios de TheWiSpy.<\/li>\n<\/ul>\n<h3>Renuncia a las garant\u00edas:<\/h3>\n<p>TheWiSpy ofrece sus servicios &#8220;tal cual&#8221; y &#8220;seg\u00fan disponibilidad&#8221;. En cumplimiento de  las leyes aplicables, TheWiSpy no ofrece ninguna representaci\u00f3n o garant\u00eda en relaci\u00f3n al  uso o a  los resultados de los servicios con respecto a la exactitud, la responsabilidad, la correcci\u00f3n, entre otros. TheWiSpy no ser\u00e1 de ning\u00fan modo responsable por cualquier interrupci\u00f3n en el uso de los servicios. TheWiSpy renuncia a todas las garant\u00edas sobre la informaci\u00f3n proporcionada, lo cual incluye las garant\u00edas impl\u00edcitas de negociabilidad e idoneidad para prop\u00f3sitos particulares y la falsificaci\u00f3n. Algunos poderes judiciales no permiten la exclusi\u00f3n de las garant\u00edas impl\u00edcitas, por lo cual la mencionada exclusi\u00f3n debe considerarse inaplicable.<\/p>\n<h3>Limitaci\u00f3n de responsabilidad:<\/h3>\n<p>TheWiSpy no ser\u00e1 responsable de ning\u00fan da\u00f1o o indemnizaci\u00f3n. En concreto, TheWiSpy no ser\u00e1 responsabilizado de ning\u00fan da\u00f1o particular, indirecto, consecuente o fortuito. TheWiSpy no se responsabiliza de los da\u00f1os por p\u00e9rdida de beneficios, uso o ingresos derivados de los servicios; ya sea que dichos da\u00f1os surjan por contrato, negligencia, agravio, bajo ordenanza, injusticia, en la ley, o en otro modo, incluso si se notifica a TheWiSpy sobre la posibilidad de tales da\u00f1os.<\/p>\n<h3>Compensaci\u00f3n o Indemnizaci\u00f3n:<\/h3>\n<p>El usuario se compromete a no solicitar indemnizaci\u00f3n alguna de  los servicios de TheWiSpy y sus afiliados; a) Por el cargo de acusaciones legales y el surgimiento de  honorarios pagados a un  abogado por tal condici\u00f3n, b) En caso, de que el usuario viole el derecho de otra persona o parte relacionada, c) La incapacidad de sostener los t\u00e9rminos de este acuerdo.<br \/>\nEn los casos antes mencionados, si TheWiSpy encausa su defensa, el usuario ser\u00e1   responsable de ofrecer un apoyo completo para ello, seg\u00fan el acuerdo.<\/p>\n<h3>Derechos del Servicio TheWiSpy:<\/h3>\n<p>Todo el contenido, que incluye  la marca registrada, c\u00f3digo, los elementos visuales, y  derechos de autor, entre otros; son propiedad exclusiva de los servicios de TheWiSpy y sus afiliados. El usuario final s\u00f3lo est\u00e1 obligado a utilizar los servicios de TheWiSpy que est\u00e1n expresamente cubiertos en la licencia adquirida y, seg\u00fan el acuerdo, el usuario final debe adherirse a las limitaciones de uso mencionadas.<\/p>\n<h3>Modificaciones y actualizaciones de los servicios:<\/h3>\n<p>Con el transcurrir del tiempo TheWiSpy podr\u00e1 modificar o alterar los t\u00e9rminos del servicio o los criterios de uso. Sin embargo, cualquier alteraci\u00f3n o modificaci\u00f3n que se realice  ser\u00e1 publicada en el sitio web del servicio TheWiSpy. Los usuarios deber\u00e1n adherirse a las modificaciones mientras utilicen la aplicaci\u00f3n de software de TheWiSpy.<\/p>\n<h3>Pol\u00edtica de datos:<\/h3>\n<p>Una vez aceptado este acuerdo, el usuario deber\u00e1 reconocer y permitir que TheWiSpy  procese y gestione la informaci\u00f3n personal del usuario objetivo; tal y como se describe en nuestra pol\u00edtica de privacidad de datos.<\/p>\n<h3>Pol\u00edtica de reembolso:<\/h3>\n<p>El usuario puede enviar una solicitud de reembolso siempre que sea elegible y cumpla con  todos los requisitos expresados en  nuestra pol\u00edtica de reembolso.<\/p>\n<h3>EULA:<\/h3>\n<p>El &#8220;EULA&#8221; o acuerdo de usuario incluye los t\u00e9rminos y condiciones que regulan la empresa TheWiSpy. El usuario deber\u00e1 aceptar todos los t\u00e9rminos mencionados en nuestro acuerdo de licencia de usuario final.<\/p>\n<\/article>\n<\/section>\n","protected":false},"excerpt":{"rendered":"<p>T\u00e9rminos y condiciones de TheWiSpy Este acuerdo establece los t\u00e9rminos y condiciones legales obligatorios para el uso del sitio web de TheWiSpy. En este acuerdo el empleo de los t\u00e9rminos &#8220;nosotros&#8221; y &#8220;nuestro&#8221; se refieren a TheWiSpy mientras que el t\u00e9rmino &#8220;usted&#8221; se refiere al usuario final. El usuario final deber\u00e1 reconocer todos los t\u00e9rminos [&hellip;]<\/p>\n","protected":false},"author":1,"featured_media":0,"parent":0,"menu_order":0,"comment_status":"closed","ping_status":"closed","template":"","meta":{"footnotes":""},"yoast_head":"<!-- This site is optimized with the Yoast SEO plugin v20.8 - https:\/\/yoast.com\/wordpress\/plugins\/seo\/ -->\n<title>T\u00e9rminos y condiciones | Software esp\u00eda m\u00f3vil TheWiSpy<\/title>\n<meta name=\"description\" content=\"Lea atentamente los t\u00e9rminos y condiciones para usar la aplicaci\u00f3n de monitoreo m\u00f3vil TheWiSpy. Al utilizar TheWiSpy, el usuario debe aceptar todos los t\u00e9rminos y condiciones de este acuerdo.\" \/>\n<meta name=\"robots\" content=\"index, follow, max-snippet:-1, max-image-preview:large, max-video-preview:-1\" \/>\n<link rel=\"canonical\" href=\"https:\/\/www.thewispy.com\/esp\/terms\/\" \/>\n<meta property=\"og:locale\" content=\"en_US\" \/>\n<meta property=\"og:type\" content=\"article\" \/>\n<meta property=\"og:title\" content=\"T\u00e9rminos y condiciones | Software esp\u00eda m\u00f3vil TheWiSpy\" \/>\n<meta property=\"og:description\" content=\"Lea atentamente los t\u00e9rminos y condiciones para usar la aplicaci\u00f3n de monitoreo m\u00f3vil TheWiSpy. Al utilizar TheWiSpy, el usuario debe aceptar todos los t\u00e9rminos y condiciones de este acuerdo.\" \/>\n<meta property=\"og:url\" content=\"https:\/\/www.thewispy.com\/esp\/terms\/\" \/>\n<meta property=\"og:site_name\" content=\"TheWiSpy\" \/>\n<meta property=\"article:publisher\" content=\"https:\/\/www.facebook.com\/thewispyapp\/\" \/>\n<meta property=\"article:modified_time\" content=\"2021-12-06T11:25:16+00:00\" \/>\n<meta property=\"og:image\" content=\"https:\/\/www.thewispy.com\/esp\/wp-content\/uploads\/2020\/09\/TheWiSpy-spy-app-official-logo-768-320.png\" \/>\n\t<meta property=\"og:image:width\" content=\"768\" \/>\n\t<meta property=\"og:image:height\" content=\"320\" \/>\n\t<meta property=\"og:image:type\" content=\"image\/png\" \/>\n<meta name=\"twitter:card\" content=\"summary_large_image\" \/>\n<meta name=\"twitter:site\" content=\"@thewispyapp\" \/>\n<meta name=\"twitter:label1\" content=\"Est. reading time\" \/>\n\t<meta name=\"twitter:data1\" content=\"4 minutes\" \/>\n<script type=\"application\/ld+json\" class=\"yoast-schema-graph\">{\"@context\":\"https:\/\/schema.org\",\"@graph\":[{\"@type\":\"WebPage\",\"@id\":\"https:\/\/www.thewispy.com\/esp\/terms\/\",\"url\":\"https:\/\/www.thewispy.com\/esp\/terms\/\",\"name\":\"T\u00e9rminos y condiciones | Software esp\u00eda m\u00f3vil TheWiSpy\",\"isPartOf\":{\"@id\":\"https:\/\/www.thewispy.com\/esp\/#website\"},\"datePublished\":\"2020-04-15T13:09:37+00:00\",\"dateModified\":\"2021-12-06T11:25:16+00:00\",\"description\":\"Lea atentamente los t\u00e9rminos y condiciones para usar la aplicaci\u00f3n de monitoreo m\u00f3vil TheWiSpy. Al utilizar TheWiSpy, el usuario debe aceptar todos los t\u00e9rminos y condiciones de este acuerdo.\",\"breadcrumb\":{\"@id\":\"https:\/\/www.thewispy.com\/esp\/terms\/#breadcrumb\"},\"inLanguage\":\"en-US\",\"potentialAction\":[{\"@type\":\"ReadAction\",\"target\":[\"https:\/\/www.thewispy.com\/esp\/terms\/\"]}]},{\"@type\":\"BreadcrumbList\",\"@id\":\"https:\/\/www.thewispy.com\/esp\/terms\/#breadcrumb\",\"itemListElement\":[{\"@type\":\"ListItem\",\"position\":1,\"name\":\"Home\",\"item\":\"https:\/\/www.thewispy.com\/esp\/\"},{\"@type\":\"ListItem\",\"position\":2,\"name\":\"Condiciones\"}]},{\"@type\":\"WebSite\",\"@id\":\"https:\/\/www.thewispy.com\/esp\/#website\",\"url\":\"https:\/\/www.thewispy.com\/esp\/\",\"name\":\"TheWiSpy\",\"description\":\"Aplicaci\u00f3n esp\u00eda para tel\u00e9fonos m\u00f3viles | Software de seguimiento y monitoreo m\u00f3vil\",\"publisher\":{\"@id\":\"https:\/\/www.thewispy.com\/esp\/#organization\"},\"potentialAction\":[{\"@type\":\"SearchAction\",\"target\":{\"@type\":\"EntryPoint\",\"urlTemplate\":\"https:\/\/www.thewispy.com\/esp\/?s={search_term_string}\"},\"query-input\":\"required name=search_term_string\"}],\"inLanguage\":\"en-US\"},{\"@type\":\"Organization\",\"@id\":\"https:\/\/www.thewispy.com\/esp\/#organization\",\"name\":\"TheWiSpy\",\"url\":\"https:\/\/www.thewispy.com\/esp\/\",\"logo\":{\"@type\":\"ImageObject\",\"inLanguage\":\"en-US\",\"@id\":\"https:\/\/www.thewispy.com\/esp\/#\/schema\/logo\/image\/\",\"url\":\"https:\/\/www.thewispy.com\/esp\/wp-content\/uploads\/2020\/09\/TheWiSpy-spy-app-official-logo-768-320.png\",\"contentUrl\":\"https:\/\/www.thewispy.com\/esp\/wp-content\/uploads\/2020\/09\/TheWiSpy-spy-app-official-logo-768-320.png\",\"width\":768,\"height\":320,\"caption\":\"TheWiSpy\"},\"image\":{\"@id\":\"https:\/\/www.thewispy.com\/esp\/#\/schema\/logo\/image\/\"},\"sameAs\":[\"https:\/\/www.facebook.com\/thewispyapp\/\",\"https:\/\/twitter.com\/thewispyapp\",\"https:\/\/www.instagram.com\/wispyapp\/\",\"https:\/\/www.linkedin.com\/company\/thewispy\/\",\"https:\/\/www.pinterest.com\/thewispyapp\/\",\"https:\/\/www.youtube.com\/channel\/UCpLV6oLY1Ot83LBcsKMa7Rg\"]}]}<\/script>\n<!-- \/ Yoast SEO plugin. -->","yoast_head_json":{"title":"T\u00e9rminos y condiciones | Software esp\u00eda m\u00f3vil TheWiSpy","description":"Lea atentamente los t\u00e9rminos y condiciones para usar la aplicaci\u00f3n de monitoreo m\u00f3vil TheWiSpy. Al utilizar TheWiSpy, el usuario debe aceptar todos los t\u00e9rminos y condiciones de este acuerdo.","robots":{"index":"index","follow":"follow","max-snippet":"max-snippet:-1","max-image-preview":"max-image-preview:large","max-video-preview":"max-video-preview:-1"},"canonical":"https:\/\/www.thewispy.com\/esp\/terms\/","og_locale":"en_US","og_type":"article","og_title":"T\u00e9rminos y condiciones | Software esp\u00eda m\u00f3vil TheWiSpy","og_description":"Lea atentamente los t\u00e9rminos y condiciones para usar la aplicaci\u00f3n de monitoreo m\u00f3vil TheWiSpy. Al utilizar TheWiSpy, el usuario debe aceptar todos los t\u00e9rminos y condiciones de este acuerdo.","og_url":"https:\/\/www.thewispy.com\/esp\/terms\/","og_site_name":"TheWiSpy","article_publisher":"https:\/\/www.facebook.com\/thewispyapp\/","article_modified_time":"2021-12-06T11:25:16+00:00","og_image":[{"width":768,"height":320,"url":"https:\/\/www.thewispy.com\/esp\/wp-content\/uploads\/2020\/09\/TheWiSpy-spy-app-official-logo-768-320.png","type":"image\/png"}],"twitter_card":"summary_large_image","twitter_site":"@thewispyapp","twitter_misc":{"Est. reading time":"4 minutes"},"schema":{"@context":"https:\/\/schema.org","@graph":[{"@type":"WebPage","@id":"https:\/\/www.thewispy.com\/esp\/terms\/","url":"https:\/\/www.thewispy.com\/esp\/terms\/","name":"T\u00e9rminos y condiciones | Software esp\u00eda m\u00f3vil TheWiSpy","isPartOf":{"@id":"https:\/\/www.thewispy.com\/esp\/#website"},"datePublished":"2020-04-15T13:09:37+00:00","dateModified":"2021-12-06T11:25:16+00:00","description":"Lea atentamente los t\u00e9rminos y condiciones para usar la aplicaci\u00f3n de monitoreo m\u00f3vil TheWiSpy. Al utilizar TheWiSpy, el usuario debe aceptar todos los t\u00e9rminos y condiciones de este acuerdo.","breadcrumb":{"@id":"https:\/\/www.thewispy.com\/esp\/terms\/#breadcrumb"},"inLanguage":"en-US","potentialAction":[{"@type":"ReadAction","target":["https:\/\/www.thewispy.com\/esp\/terms\/"]}]},{"@type":"BreadcrumbList","@id":"https:\/\/www.thewispy.com\/esp\/terms\/#breadcrumb","itemListElement":[{"@type":"ListItem","position":1,"name":"Home","item":"https:\/\/www.thewispy.com\/esp\/"},{"@type":"ListItem","position":2,"name":"Condiciones"}]},{"@type":"WebSite","@id":"https:\/\/www.thewispy.com\/esp\/#website","url":"https:\/\/www.thewispy.com\/esp\/","name":"TheWiSpy","description":"Aplicaci\u00f3n esp\u00eda para tel\u00e9fonos m\u00f3viles | Software de seguimiento y monitoreo m\u00f3vil","publisher":{"@id":"https:\/\/www.thewispy.com\/esp\/#organization"},"potentialAction":[{"@type":"SearchAction","target":{"@type":"EntryPoint","urlTemplate":"https:\/\/www.thewispy.com\/esp\/?s={search_term_string}"},"query-input":"required name=search_term_string"}],"inLanguage":"en-US"},{"@type":"Organization","@id":"https:\/\/www.thewispy.com\/esp\/#organization","name":"TheWiSpy","url":"https:\/\/www.thewispy.com\/esp\/","logo":{"@type":"ImageObject","inLanguage":"en-US","@id":"https:\/\/www.thewispy.com\/esp\/#\/schema\/logo\/image\/","url":"https:\/\/www.thewispy.com\/esp\/wp-content\/uploads\/2020\/09\/TheWiSpy-spy-app-official-logo-768-320.png","contentUrl":"https:\/\/www.thewispy.com\/esp\/wp-content\/uploads\/2020\/09\/TheWiSpy-spy-app-official-logo-768-320.png","width":768,"height":320,"caption":"TheWiSpy"},"image":{"@id":"https:\/\/www.thewispy.com\/esp\/#\/schema\/logo\/image\/"},"sameAs":["https:\/\/www.facebook.com\/thewispyapp\/","https:\/\/twitter.com\/thewispyapp","https:\/\/www.instagram.com\/wispyapp\/","https:\/\/www.linkedin.com\/company\/thewispy\/","https:\/\/www.pinterest.com\/thewispyapp\/","https:\/\/www.youtube.com\/channel\/UCpLV6oLY1Ot83LBcsKMa7Rg"]}]}},"_links":{"self":[{"href":"https:\/\/www.thewispy.com\/esp\/wp-json\/wp\/v2\/pages\/731"}],"collection":[{"href":"https:\/\/www.thewispy.com\/esp\/wp-json\/wp\/v2\/pages"}],"about":[{"href":"https:\/\/www.thewispy.com\/esp\/wp-json\/wp\/v2\/types\/page"}],"author":[{"embeddable":true,"href":"https:\/\/www.thewispy.com\/esp\/wp-json\/wp\/v2\/users\/1"}],"replies":[{"embeddable":true,"href":"https:\/\/www.thewispy.com\/esp\/wp-json\/wp\/v2\/comments?post=731"}],"version-history":[{"count":2,"href":"https:\/\/www.thewispy.com\/esp\/wp-json\/wp\/v2\/pages\/731\/revisions"}],"predecessor-version":[{"id":6415,"href":"https:\/\/www.thewispy.com\/esp\/wp-json\/wp\/v2\/pages\/731\/revisions\/6415"}],"wp:attachment":[{"href":"https:\/\/www.thewispy.com\/esp\/wp-json\/wp\/v2\/media?parent=731"}],"curies":[{"name":"wp","href":"https:\/\/api.w.org\/{rel}","templated":true}]}}