{"id":729,"date":"2020-04-15T12:57:34","date_gmt":"2020-04-15T12:57:34","guid":{"rendered":"https:\/\/www.thewispy.com\/esp\/?page_id=729"},"modified":"2021-12-06T11:29:19","modified_gmt":"2021-12-06T11:29:19","slug":"disclaimer","status":"publish","type":"page","link":"https:\/\/www.thewispy.com\/esp\/disclaimer\/","title":{"rendered":"Descargo de responsabilidad"},"content":{"rendered":"<section class=\"container\">\n<article class=\"blog-single-content\">\n<h2 class=\"main-section-heading\">Declaraci\u00f3n de descargo de responsabilidad de TheWiSpy<\/h2>\n<p>TheWiSpy para computadores de escritorio y la aplicaci\u00f3n de espionaje para tel\u00e9fonos celulares se han dise\u00f1ado s\u00f3lo para uso legal. Este software se desarroll\u00f3 con las intenciones de supervisar de forma \u00e9tica a trabajadores y ni\u00f1os con su consentimiento previo. Por lo tanto, desaprobamos altamente que se use este programa con la finalidad de intrusi\u00f3n y acoso. As\u00ed, nos reservamos el derecho de suspender su licencia si reportamos actividades ilegales o il\u00edcitas. Igualmente, el usuario se deber\u00e1 hacer responsable en caso de que ocurra alguna violaci\u00f3n a la ley.<\/p>\n<ul>\n<li>TheWiSpy no da seguro de que la aplicaci\u00f3n pueda satisfacer las necesidades y expectativas para cualquier usuario con prop\u00f3sitos espec\u00edficos en cuanto a su uso.<\/li>\n<li>La aplicaci\u00f3n de TheWiSpy no ofrece garant\u00eda, de que no viole los derechos de terceras personas.<\/li>\n<li>No hay garant\u00edas que todos los sistemas operativos sean compatibles con TheWiSpy, exceptuando los descritos en el sitio web.<\/li>\n<li>TheWiSpy no da garant\u00edas por resultados espec\u00edficos esperados al usar el sitio web o la aplicaci\u00f3n, de forma general.<\/li>\n<li>El sitio web de TheWiSpy no convence ni ofrece consejos de forma intencional para modificar la decisi\u00f3n de compra de los usuarios.<\/li>\n<li>No existen partes que tengan la intenci\u00f3n de establecer una oferta contractual en este sitio web. Por lo tanto, no vendemos productos o servicios. Todo el contenido que est\u00e1 en el sitio web de TheWiSpy tiene fines informativos \u00fanicamente.<\/li>\n<li>Las representaciones gr\u00e1ficas que se encuentran en este sitio web son ver\u00eddicas y para nada falsas. Los diagramas y gr\u00e1ficos presentados son realizados a partir de productos y servicios reales. Igualmente, TheWiSpy no se responsabiliza de las variaciones en dichas representaciones.<\/li>\n<li>Como compa\u00f1\u00eda, TheWiSpy no representa algunos productos o servicios que est\u00e9n disponibles en nuestras plataformas. No obstante, no dude en comunicarse con nuestro soporte al cliente para informarse sobre la disponibilidad de dichos productos o servicios, justo antes de hacer una compra.<\/li>\n<li>Los costes mencionados dentro del sitio web de TheWiSpy son ver\u00eddicos y precisos. Aun as\u00ed, la compa\u00f1\u00eda puede reservarse el derecho de la modificaci\u00f3n de precios; al igual que eliminar ofertas cuando amerite. Igualmente, estas tarifas son establecidas por quienes determinan las pol\u00edticas del sitio web y son revisadas cuando sea necesario.<\/li>\n<\/ul>\n<p>Como usuario de TheWiSpy, al suscribirse al servicio debe reconocer los t\u00e9rminos y condiciones a continuaci\u00f3n:<\/p>\n<ul>\n<li>El usuario debe confirmar ser propietario del tel\u00e9fono celular en donde colocar\u00e1 la aplicaci\u00f3n TheWiSpy. En caso de ser el dispositivo de un tercero, deber\u00e1 tener el consentimiento por escrito del propietario.<\/li>\n<li>\n\t\tLa persona que adquiera estos servicios debe admitir que la compra de la aplicaci\u00f3n TheWiSpy ser\u00e1 \u00fanicamente con la finalidad de vigilancia parental o a los empleados de una compa\u00f1\u00eda. Esta aplicaci\u00f3n para espionaje, TheWiSpy, solo debe tener usos legales.No obstante, si cuenta con dudas sobre la legitimidad de la aplicaci\u00f3n, no dude en consultar con un asesor legal.<\/li>\n<li>TheWiSpy no divulgar\u00e1 su informaci\u00f3n personal a alg\u00fan tercero, exceptuando el caso en que exista la orden de un juez, o si se ha comprobado que la aplicaci\u00f3n se est\u00e1 usando de manera ilegal. Y si se ejecuta una investigaci\u00f3n legal, TheWiSpy brindar\u00e1 su apoyo a favor de la ley.<\/li>\n<\/ul>\n<h3>Sobre el uso ilegal de la aplicaci\u00f3n TheWiSpy.<\/h3>\n<p>TheWiSpy, como aplicaci\u00f3n, desaprueba rotundamente su uso con fines intrusivos o ilegales. Si una persona es v\u00edctima del uso de la aplicaci\u00f3n por parte de alguien con intenciones il\u00edcitas o inmorales, o lo est\u00e1 rastreando sin su consentimiento; la anterior puede informar a la compa\u00f1\u00eda sobre esta actividad intrusiva. En este sentido, TheWiSpy cumplir\u00e1 su deber de presentar la orden judicial, al igual que cooperar con la v\u00edctima y los entes de la ley.<\/p>\n<h4>Derechos de autor.<\/h4>\n<p>Esta secci\u00f3n involucra a TheWiSpy con relaci\u00f3n a los textos, dise\u00f1os, estilos, gr\u00e1ficos, colores, im\u00e1genes, entre otros. La aplicaci\u00f3n de TheWiSpy ha sido registrada como marca original, siendo un producto protegido por el software de terceros y sus abogados correspondientes.<\/p>\n<h5>Quejas &amp; e informes a TheWiSpy.<\/h5>\n<p>En TheWiSpy, solicitamos a los medios y expertos en derechos humanos que confirmen sus argumentos antes de hacer p\u00fablica acusaciones en contra de la aplicaci\u00f3n; sobre todo en caso de que alguien reciba informaci\u00f3n difamatoria sin pruebas sobre TheWiSpy. Ante esto, la compa\u00f1\u00eda cooperar\u00e1 y se defender\u00e1 con pruebas para aclarar su posici\u00f3n.<\/p>\n<h6>Puntos a tener en consideraci\u00f3n.<\/h6>\n<p>La aplicaci\u00f3n para monitoreo de tel\u00e9fonos celulares, TheWiSpy, se ha dise\u00f1ado con el fin de ser una herramienta digital para padres, o para que las compa\u00f1\u00edas puedan vigilar a sus empleados. Por ende, este software se desarroll\u00f3 para monitorear los dispositivos solo por razones legales, ya sea por control parental o monitoreo de trabajadores. En dicho sentido, TheWiSpy brinda sus servicios por medio de una herramienta, la cual da poder a los padres y empleadores de conocer el rastro digital de sus hijos, adolescentes o empleados; siempre con el consentimiento del usuario del dispositivo a monitorear. Por lo tanto, el usuario que adquiere la aplicaci\u00f3n debe ser el responsable de informar a la persona que desea rastrear que est\u00e1 bajo vigilancia, y que se est\u00e1n monitoreando sus actividades en Internet.  Si lo anterior no sucede, se considerar\u00e1 que se est\u00e1 espiando en secreto el tel\u00e9fono celular de dicha persona. Por consecuencia, TheWiSpy podr\u00e1 encontrar que se est\u00e1 ejecutando una actividad ilegal por medio de su software, as\u00ed que la compa\u00f1\u00eda actuar\u00e1 bajo la ley, informando a las autoridades necesarias.<\/p>\n<p>Considere que espiar el tel\u00e9fono celular de una persona sin que esta tenga conocimiento es un delito inform\u00e1tico. Por lo que TheWiSpy le advierte que la aplicaci\u00f3n no asumir\u00e1 ninguna responsabilidad por actividades ilegales realizadas con el software. Entonces, si el usuario hace mal uso de la aplicaci\u00f3n, o la emplea con fines il\u00edcitos, tendr\u00e1 todas las responsabilidades de dicho hecho. Por \u00faltimo, antes de instalar la aplicaci\u00f3n TheWiSpy, el usuario deber\u00e1 reconocer que es lo que debe y no debe hacer.<br \/>\n<\/article>\n<\/section>\n","protected":false},"excerpt":{"rendered":"<p>Declaraci\u00f3n de descargo de responsabilidad de TheWiSpy TheWiSpy para computadores de escritorio y la aplicaci\u00f3n de espionaje para tel\u00e9fonos celulares se han dise\u00f1ado s\u00f3lo para uso legal. Este software se desarroll\u00f3 con las intenciones de supervisar de forma \u00e9tica a trabajadores y ni\u00f1os con su consentimiento previo. Por lo tanto, desaprobamos altamente que se use [&hellip;]<\/p>\n","protected":false},"author":1,"featured_media":0,"parent":0,"menu_order":0,"comment_status":"closed","ping_status":"closed","template":"","meta":{"footnotes":""},"yoast_head":"<!-- This site is optimized with the Yoast SEO plugin v20.8 - https:\/\/yoast.com\/wordpress\/plugins\/seo\/ -->\n<title>Descargo de responsabilidad | Aplicaci\u00f3n de monitoreo de tel\u00e9fonos celulares TheWiSpy<\/title>\n<meta name=\"description\" content=\"El usuario final de TheWiSpy al comprar la aplicaci\u00f3n de software esp\u00eda debe reconocer el descargo de responsabilidad junto con los t\u00e9rminos y condiciones del software con licencia.\" \/>\n<meta name=\"robots\" content=\"index, follow, max-snippet:-1, max-image-preview:large, max-video-preview:-1\" \/>\n<link rel=\"canonical\" href=\"https:\/\/www.thewispy.com\/esp\/disclaimer\/\" \/>\n<meta property=\"og:locale\" content=\"en_US\" \/>\n<meta property=\"og:type\" content=\"article\" \/>\n<meta property=\"og:title\" content=\"Descargo de responsabilidad | Aplicaci\u00f3n de monitoreo de tel\u00e9fonos celulares TheWiSpy\" \/>\n<meta property=\"og:description\" content=\"El usuario final de TheWiSpy al comprar la aplicaci\u00f3n de software esp\u00eda debe reconocer el descargo de responsabilidad junto con los t\u00e9rminos y condiciones del software con licencia.\" \/>\n<meta property=\"og:url\" content=\"https:\/\/www.thewispy.com\/esp\/disclaimer\/\" \/>\n<meta property=\"og:site_name\" content=\"TheWiSpy\" \/>\n<meta property=\"article:publisher\" content=\"https:\/\/www.facebook.com\/thewispyapp\/\" \/>\n<meta property=\"article:modified_time\" content=\"2021-12-06T11:29:19+00:00\" \/>\n<meta property=\"og:image\" content=\"https:\/\/www.thewispy.com\/esp\/wp-content\/uploads\/2020\/09\/TheWiSpy-spy-app-official-logo-768-320.png\" \/>\n\t<meta property=\"og:image:width\" content=\"768\" \/>\n\t<meta property=\"og:image:height\" content=\"320\" \/>\n\t<meta property=\"og:image:type\" content=\"image\/png\" \/>\n<meta name=\"twitter:card\" content=\"summary_large_image\" \/>\n<meta name=\"twitter:site\" content=\"@thewispyapp\" \/>\n<meta name=\"twitter:label1\" content=\"Est. reading time\" \/>\n\t<meta name=\"twitter:data1\" content=\"5 minutes\" \/>\n<script type=\"application\/ld+json\" class=\"yoast-schema-graph\">{\"@context\":\"https:\/\/schema.org\",\"@graph\":[{\"@type\":\"WebPage\",\"@id\":\"https:\/\/www.thewispy.com\/esp\/disclaimer\/\",\"url\":\"https:\/\/www.thewispy.com\/esp\/disclaimer\/\",\"name\":\"Descargo de responsabilidad | Aplicaci\u00f3n de monitoreo de tel\u00e9fonos celulares TheWiSpy\",\"isPartOf\":{\"@id\":\"https:\/\/www.thewispy.com\/esp\/#website\"},\"datePublished\":\"2020-04-15T12:57:34+00:00\",\"dateModified\":\"2021-12-06T11:29:19+00:00\",\"description\":\"El usuario final de TheWiSpy al comprar la aplicaci\u00f3n de software esp\u00eda debe reconocer el descargo de responsabilidad junto con los t\u00e9rminos y condiciones del software con licencia.\",\"breadcrumb\":{\"@id\":\"https:\/\/www.thewispy.com\/esp\/disclaimer\/#breadcrumb\"},\"inLanguage\":\"en-US\",\"potentialAction\":[{\"@type\":\"ReadAction\",\"target\":[\"https:\/\/www.thewispy.com\/esp\/disclaimer\/\"]}]},{\"@type\":\"BreadcrumbList\",\"@id\":\"https:\/\/www.thewispy.com\/esp\/disclaimer\/#breadcrumb\",\"itemListElement\":[{\"@type\":\"ListItem\",\"position\":1,\"name\":\"Home\",\"item\":\"https:\/\/www.thewispy.com\/esp\/\"},{\"@type\":\"ListItem\",\"position\":2,\"name\":\"Descargo de responsabilidad\"}]},{\"@type\":\"WebSite\",\"@id\":\"https:\/\/www.thewispy.com\/esp\/#website\",\"url\":\"https:\/\/www.thewispy.com\/esp\/\",\"name\":\"TheWiSpy\",\"description\":\"Aplicaci\u00f3n esp\u00eda para tel\u00e9fonos m\u00f3viles | Software de seguimiento y monitoreo m\u00f3vil\",\"publisher\":{\"@id\":\"https:\/\/www.thewispy.com\/esp\/#organization\"},\"potentialAction\":[{\"@type\":\"SearchAction\",\"target\":{\"@type\":\"EntryPoint\",\"urlTemplate\":\"https:\/\/www.thewispy.com\/esp\/?s={search_term_string}\"},\"query-input\":\"required name=search_term_string\"}],\"inLanguage\":\"en-US\"},{\"@type\":\"Organization\",\"@id\":\"https:\/\/www.thewispy.com\/esp\/#organization\",\"name\":\"TheWiSpy\",\"url\":\"https:\/\/www.thewispy.com\/esp\/\",\"logo\":{\"@type\":\"ImageObject\",\"inLanguage\":\"en-US\",\"@id\":\"https:\/\/www.thewispy.com\/esp\/#\/schema\/logo\/image\/\",\"url\":\"https:\/\/www.thewispy.com\/esp\/wp-content\/uploads\/2020\/09\/TheWiSpy-spy-app-official-logo-768-320.png\",\"contentUrl\":\"https:\/\/www.thewispy.com\/esp\/wp-content\/uploads\/2020\/09\/TheWiSpy-spy-app-official-logo-768-320.png\",\"width\":768,\"height\":320,\"caption\":\"TheWiSpy\"},\"image\":{\"@id\":\"https:\/\/www.thewispy.com\/esp\/#\/schema\/logo\/image\/\"},\"sameAs\":[\"https:\/\/www.facebook.com\/thewispyapp\/\",\"https:\/\/twitter.com\/thewispyapp\",\"https:\/\/www.instagram.com\/wispyapp\/\",\"https:\/\/www.linkedin.com\/company\/thewispy\/\",\"https:\/\/www.pinterest.com\/thewispyapp\/\",\"https:\/\/www.youtube.com\/channel\/UCpLV6oLY1Ot83LBcsKMa7Rg\"]}]}<\/script>\n<!-- \/ Yoast SEO plugin. -->","yoast_head_json":{"title":"Descargo de responsabilidad | Aplicaci\u00f3n de monitoreo de tel\u00e9fonos celulares TheWiSpy","description":"El usuario final de TheWiSpy al comprar la aplicaci\u00f3n de software esp\u00eda debe reconocer el descargo de responsabilidad junto con los t\u00e9rminos y condiciones del software con licencia.","robots":{"index":"index","follow":"follow","max-snippet":"max-snippet:-1","max-image-preview":"max-image-preview:large","max-video-preview":"max-video-preview:-1"},"canonical":"https:\/\/www.thewispy.com\/esp\/disclaimer\/","og_locale":"en_US","og_type":"article","og_title":"Descargo de responsabilidad | Aplicaci\u00f3n de monitoreo de tel\u00e9fonos celulares TheWiSpy","og_description":"El usuario final de TheWiSpy al comprar la aplicaci\u00f3n de software esp\u00eda debe reconocer el descargo de responsabilidad junto con los t\u00e9rminos y condiciones del software con licencia.","og_url":"https:\/\/www.thewispy.com\/esp\/disclaimer\/","og_site_name":"TheWiSpy","article_publisher":"https:\/\/www.facebook.com\/thewispyapp\/","article_modified_time":"2021-12-06T11:29:19+00:00","og_image":[{"width":768,"height":320,"url":"https:\/\/www.thewispy.com\/esp\/wp-content\/uploads\/2020\/09\/TheWiSpy-spy-app-official-logo-768-320.png","type":"image\/png"}],"twitter_card":"summary_large_image","twitter_site":"@thewispyapp","twitter_misc":{"Est. reading time":"5 minutes"},"schema":{"@context":"https:\/\/schema.org","@graph":[{"@type":"WebPage","@id":"https:\/\/www.thewispy.com\/esp\/disclaimer\/","url":"https:\/\/www.thewispy.com\/esp\/disclaimer\/","name":"Descargo de responsabilidad | Aplicaci\u00f3n de monitoreo de tel\u00e9fonos celulares TheWiSpy","isPartOf":{"@id":"https:\/\/www.thewispy.com\/esp\/#website"},"datePublished":"2020-04-15T12:57:34+00:00","dateModified":"2021-12-06T11:29:19+00:00","description":"El usuario final de TheWiSpy al comprar la aplicaci\u00f3n de software esp\u00eda debe reconocer el descargo de responsabilidad junto con los t\u00e9rminos y condiciones del software con licencia.","breadcrumb":{"@id":"https:\/\/www.thewispy.com\/esp\/disclaimer\/#breadcrumb"},"inLanguage":"en-US","potentialAction":[{"@type":"ReadAction","target":["https:\/\/www.thewispy.com\/esp\/disclaimer\/"]}]},{"@type":"BreadcrumbList","@id":"https:\/\/www.thewispy.com\/esp\/disclaimer\/#breadcrumb","itemListElement":[{"@type":"ListItem","position":1,"name":"Home","item":"https:\/\/www.thewispy.com\/esp\/"},{"@type":"ListItem","position":2,"name":"Descargo de responsabilidad"}]},{"@type":"WebSite","@id":"https:\/\/www.thewispy.com\/esp\/#website","url":"https:\/\/www.thewispy.com\/esp\/","name":"TheWiSpy","description":"Aplicaci\u00f3n esp\u00eda para tel\u00e9fonos m\u00f3viles | Software de seguimiento y monitoreo m\u00f3vil","publisher":{"@id":"https:\/\/www.thewispy.com\/esp\/#organization"},"potentialAction":[{"@type":"SearchAction","target":{"@type":"EntryPoint","urlTemplate":"https:\/\/www.thewispy.com\/esp\/?s={search_term_string}"},"query-input":"required name=search_term_string"}],"inLanguage":"en-US"},{"@type":"Organization","@id":"https:\/\/www.thewispy.com\/esp\/#organization","name":"TheWiSpy","url":"https:\/\/www.thewispy.com\/esp\/","logo":{"@type":"ImageObject","inLanguage":"en-US","@id":"https:\/\/www.thewispy.com\/esp\/#\/schema\/logo\/image\/","url":"https:\/\/www.thewispy.com\/esp\/wp-content\/uploads\/2020\/09\/TheWiSpy-spy-app-official-logo-768-320.png","contentUrl":"https:\/\/www.thewispy.com\/esp\/wp-content\/uploads\/2020\/09\/TheWiSpy-spy-app-official-logo-768-320.png","width":768,"height":320,"caption":"TheWiSpy"},"image":{"@id":"https:\/\/www.thewispy.com\/esp\/#\/schema\/logo\/image\/"},"sameAs":["https:\/\/www.facebook.com\/thewispyapp\/","https:\/\/twitter.com\/thewispyapp","https:\/\/www.instagram.com\/wispyapp\/","https:\/\/www.linkedin.com\/company\/thewispy\/","https:\/\/www.pinterest.com\/thewispyapp\/","https:\/\/www.youtube.com\/channel\/UCpLV6oLY1Ot83LBcsKMa7Rg"]}]}},"_links":{"self":[{"href":"https:\/\/www.thewispy.com\/esp\/wp-json\/wp\/v2\/pages\/729"}],"collection":[{"href":"https:\/\/www.thewispy.com\/esp\/wp-json\/wp\/v2\/pages"}],"about":[{"href":"https:\/\/www.thewispy.com\/esp\/wp-json\/wp\/v2\/types\/page"}],"author":[{"embeddable":true,"href":"https:\/\/www.thewispy.com\/esp\/wp-json\/wp\/v2\/users\/1"}],"replies":[{"embeddable":true,"href":"https:\/\/www.thewispy.com\/esp\/wp-json\/wp\/v2\/comments?post=729"}],"version-history":[{"count":2,"href":"https:\/\/www.thewispy.com\/esp\/wp-json\/wp\/v2\/pages\/729\/revisions"}],"predecessor-version":[{"id":6416,"href":"https:\/\/www.thewispy.com\/esp\/wp-json\/wp\/v2\/pages\/729\/revisions\/6416"}],"wp:attachment":[{"href":"https:\/\/www.thewispy.com\/esp\/wp-json\/wp\/v2\/media?parent=729"}],"curies":[{"name":"wp","href":"https:\/\/api.w.org\/{rel}","templated":true}]}}