{"id":6985,"date":"2022-09-08T07:38:33","date_gmt":"2022-09-08T07:38:33","guid":{"rendered":"https:\/\/www.thewispy.com\/esp\/?page_id=6985"},"modified":"2022-11-04T14:42:42","modified_gmt":"2022-11-04T14:42:42","slug":"monitoreo-de-redes-sociales","status":"publish","type":"page","link":"https:\/\/www.thewispy.com\/esp\/social-media-monitoring\/","title":{"rendered":"monitoreo de redes sociales"},"content":{"rendered":"","protected":false},"excerpt":{"rendered":"","protected":false},"author":1,"featured_media":0,"parent":0,"menu_order":0,"comment_status":"closed","ping_status":"closed","template":"social-media-monitoring-template.php","meta":{"footnotes":""},"yoast_head":"<!-- This site is optimized with the Yoast SEO plugin v20.8 - https:\/\/yoast.com\/wordpress\/plugins\/seo\/ -->\n<title>monitoreo de redes sociales - TheWiSpy<\/title>\n<meta name=\"robots\" content=\"index, follow, max-snippet:-1, max-image-preview:large, max-video-preview:-1\" \/>\n<link rel=\"canonical\" href=\"https:\/\/www.thewispy.com\/esp\/social-media-monitoring\/\" \/>\n<meta property=\"og:locale\" content=\"en_US\" \/>\n<meta property=\"og:type\" content=\"article\" \/>\n<meta property=\"og:title\" content=\"monitoreo de redes sociales - TheWiSpy\" \/>\n<meta property=\"og:url\" content=\"https:\/\/www.thewispy.com\/esp\/social-media-monitoring\/\" \/>\n<meta property=\"og:site_name\" content=\"TheWiSpy\" \/>\n<meta property=\"article:publisher\" content=\"https:\/\/www.facebook.com\/thewispyapp\/\" \/>\n<meta property=\"article:modified_time\" content=\"2022-11-04T14:42:42+00:00\" \/>\n<meta property=\"og:image\" content=\"https:\/\/www.thewispy.com\/esp\/wp-content\/uploads\/2020\/09\/TheWiSpy-spy-app-official-logo-768-320.png\" \/>\n\t<meta property=\"og:image:width\" content=\"768\" \/>\n\t<meta property=\"og:image:height\" content=\"320\" \/>\n\t<meta property=\"og:image:type\" content=\"image\/png\" \/>\n<meta name=\"twitter:card\" content=\"summary_large_image\" \/>\n<meta name=\"twitter:site\" content=\"@thewispyapp\" \/>\n<script type=\"application\/ld+json\" class=\"yoast-schema-graph\">{\"@context\":\"https:\/\/schema.org\",\"@graph\":[{\"@type\":\"WebPage\",\"@id\":\"https:\/\/www.thewispy.com\/esp\/social-media-monitoring\/\",\"url\":\"https:\/\/www.thewispy.com\/esp\/social-media-monitoring\/\",\"name\":\"monitoreo de redes sociales - TheWiSpy\",\"isPartOf\":{\"@id\":\"https:\/\/www.thewispy.com\/esp\/#website\"},\"datePublished\":\"2022-09-08T07:38:33+00:00\",\"dateModified\":\"2022-11-04T14:42:42+00:00\",\"breadcrumb\":{\"@id\":\"https:\/\/www.thewispy.com\/esp\/social-media-monitoring\/#breadcrumb\"},\"inLanguage\":\"en-US\",\"potentialAction\":[{\"@type\":\"ReadAction\",\"target\":[\"https:\/\/www.thewispy.com\/esp\/social-media-monitoring\/\"]}]},{\"@type\":\"BreadcrumbList\",\"@id\":\"https:\/\/www.thewispy.com\/esp\/social-media-monitoring\/#breadcrumb\",\"itemListElement\":[{\"@type\":\"ListItem\",\"position\":1,\"name\":\"Home\",\"item\":\"https:\/\/www.thewispy.com\/esp\/\"},{\"@type\":\"ListItem\",\"position\":2,\"name\":\"monitoreo de redes sociales\"}]},{\"@type\":\"WebSite\",\"@id\":\"https:\/\/www.thewispy.com\/esp\/#website\",\"url\":\"https:\/\/www.thewispy.com\/esp\/\",\"name\":\"TheWiSpy\",\"description\":\"Aplicaci\u00f3n esp\u00eda para tel\u00e9fonos m\u00f3viles | Software de seguimiento y monitoreo m\u00f3vil\",\"publisher\":{\"@id\":\"https:\/\/www.thewispy.com\/esp\/#organization\"},\"potentialAction\":[{\"@type\":\"SearchAction\",\"target\":{\"@type\":\"EntryPoint\",\"urlTemplate\":\"https:\/\/www.thewispy.com\/esp\/?s={search_term_string}\"},\"query-input\":\"required name=search_term_string\"}],\"inLanguage\":\"en-US\"},{\"@type\":\"Organization\",\"@id\":\"https:\/\/www.thewispy.com\/esp\/#organization\",\"name\":\"TheWiSpy\",\"url\":\"https:\/\/www.thewispy.com\/esp\/\",\"logo\":{\"@type\":\"ImageObject\",\"inLanguage\":\"en-US\",\"@id\":\"https:\/\/www.thewispy.com\/esp\/#\/schema\/logo\/image\/\",\"url\":\"https:\/\/www.thewispy.com\/esp\/wp-content\/uploads\/2020\/09\/TheWiSpy-spy-app-official-logo-768-320.png\",\"contentUrl\":\"https:\/\/www.thewispy.com\/esp\/wp-content\/uploads\/2020\/09\/TheWiSpy-spy-app-official-logo-768-320.png\",\"width\":768,\"height\":320,\"caption\":\"TheWiSpy\"},\"image\":{\"@id\":\"https:\/\/www.thewispy.com\/esp\/#\/schema\/logo\/image\/\"},\"sameAs\":[\"https:\/\/www.facebook.com\/thewispyapp\/\",\"https:\/\/twitter.com\/thewispyapp\",\"https:\/\/www.instagram.com\/wispyapp\/\",\"https:\/\/www.linkedin.com\/company\/thewispy\/\",\"https:\/\/www.pinterest.com\/thewispyapp\/\",\"https:\/\/www.youtube.com\/channel\/UCpLV6oLY1Ot83LBcsKMa7Rg\"]}]}<\/script>\n<!-- \/ Yoast SEO plugin. -->","yoast_head_json":{"title":"monitoreo de redes sociales - TheWiSpy","robots":{"index":"index","follow":"follow","max-snippet":"max-snippet:-1","max-image-preview":"max-image-preview:large","max-video-preview":"max-video-preview:-1"},"canonical":"https:\/\/www.thewispy.com\/esp\/social-media-monitoring\/","og_locale":"en_US","og_type":"article","og_title":"monitoreo de redes sociales - TheWiSpy","og_url":"https:\/\/www.thewispy.com\/esp\/social-media-monitoring\/","og_site_name":"TheWiSpy","article_publisher":"https:\/\/www.facebook.com\/thewispyapp\/","article_modified_time":"2022-11-04T14:42:42+00:00","og_image":[{"width":768,"height":320,"url":"https:\/\/www.thewispy.com\/esp\/wp-content\/uploads\/2020\/09\/TheWiSpy-spy-app-official-logo-768-320.png","type":"image\/png"}],"twitter_card":"summary_large_image","twitter_site":"@thewispyapp","schema":{"@context":"https:\/\/schema.org","@graph":[{"@type":"WebPage","@id":"https:\/\/www.thewispy.com\/esp\/social-media-monitoring\/","url":"https:\/\/www.thewispy.com\/esp\/social-media-monitoring\/","name":"monitoreo de redes sociales - TheWiSpy","isPartOf":{"@id":"https:\/\/www.thewispy.com\/esp\/#website"},"datePublished":"2022-09-08T07:38:33+00:00","dateModified":"2022-11-04T14:42:42+00:00","breadcrumb":{"@id":"https:\/\/www.thewispy.com\/esp\/social-media-monitoring\/#breadcrumb"},"inLanguage":"en-US","potentialAction":[{"@type":"ReadAction","target":["https:\/\/www.thewispy.com\/esp\/social-media-monitoring\/"]}]},{"@type":"BreadcrumbList","@id":"https:\/\/www.thewispy.com\/esp\/social-media-monitoring\/#breadcrumb","itemListElement":[{"@type":"ListItem","position":1,"name":"Home","item":"https:\/\/www.thewispy.com\/esp\/"},{"@type":"ListItem","position":2,"name":"monitoreo de redes sociales"}]},{"@type":"WebSite","@id":"https:\/\/www.thewispy.com\/esp\/#website","url":"https:\/\/www.thewispy.com\/esp\/","name":"TheWiSpy","description":"Aplicaci\u00f3n esp\u00eda para tel\u00e9fonos m\u00f3viles | Software de seguimiento y monitoreo m\u00f3vil","publisher":{"@id":"https:\/\/www.thewispy.com\/esp\/#organization"},"potentialAction":[{"@type":"SearchAction","target":{"@type":"EntryPoint","urlTemplate":"https:\/\/www.thewispy.com\/esp\/?s={search_term_string}"},"query-input":"required name=search_term_string"}],"inLanguage":"en-US"},{"@type":"Organization","@id":"https:\/\/www.thewispy.com\/esp\/#organization","name":"TheWiSpy","url":"https:\/\/www.thewispy.com\/esp\/","logo":{"@type":"ImageObject","inLanguage":"en-US","@id":"https:\/\/www.thewispy.com\/esp\/#\/schema\/logo\/image\/","url":"https:\/\/www.thewispy.com\/esp\/wp-content\/uploads\/2020\/09\/TheWiSpy-spy-app-official-logo-768-320.png","contentUrl":"https:\/\/www.thewispy.com\/esp\/wp-content\/uploads\/2020\/09\/TheWiSpy-spy-app-official-logo-768-320.png","width":768,"height":320,"caption":"TheWiSpy"},"image":{"@id":"https:\/\/www.thewispy.com\/esp\/#\/schema\/logo\/image\/"},"sameAs":["https:\/\/www.facebook.com\/thewispyapp\/","https:\/\/twitter.com\/thewispyapp","https:\/\/www.instagram.com\/wispyapp\/","https:\/\/www.linkedin.com\/company\/thewispy\/","https:\/\/www.pinterest.com\/thewispyapp\/","https:\/\/www.youtube.com\/channel\/UCpLV6oLY1Ot83LBcsKMa7Rg"]}]}},"_links":{"self":[{"href":"https:\/\/www.thewispy.com\/esp\/wp-json\/wp\/v2\/pages\/6985"}],"collection":[{"href":"https:\/\/www.thewispy.com\/esp\/wp-json\/wp\/v2\/pages"}],"about":[{"href":"https:\/\/www.thewispy.com\/esp\/wp-json\/wp\/v2\/types\/page"}],"author":[{"embeddable":true,"href":"https:\/\/www.thewispy.com\/esp\/wp-json\/wp\/v2\/users\/1"}],"replies":[{"embeddable":true,"href":"https:\/\/www.thewispy.com\/esp\/wp-json\/wp\/v2\/comments?post=6985"}],"version-history":[{"count":3,"href":"https:\/\/www.thewispy.com\/esp\/wp-json\/wp\/v2\/pages\/6985\/revisions"}],"predecessor-version":[{"id":7083,"href":"https:\/\/www.thewispy.com\/esp\/wp-json\/wp\/v2\/pages\/6985\/revisions\/7083"}],"wp:attachment":[{"href":"https:\/\/www.thewispy.com\/esp\/wp-json\/wp\/v2\/media?parent=6985"}],"curies":[{"name":"wp","href":"https:\/\/api.w.org\/{rel}","templated":true}]}}