{"id":301,"date":"2020-03-10T09:51:53","date_gmt":"2020-03-10T09:51:53","guid":{"rendered":"https:\/\/www.thewispy.com\/esp\/?page_id=301"},"modified":"2021-12-06T11:40:23","modified_gmt":"2021-12-06T11:40:23","slug":"privacy-policy","status":"publish","type":"page","link":"https:\/\/www.thewispy.com\/esp\/privacy-policy\/","title":{"rendered":"Pol\u00edtica de privacidad"},"content":{"rendered":"<section class=\"container\">\n<article class=\"blog-single-content\">\n<h2 class=\"main-section-heading\">Pol\u00edtica de privacidad de TheWiSpy<\/h2>\n<p>La siguiente pol\u00edtica de privacidad se aplicar\u00e1 a todas las operaciones que se realicen desde <a href=\"https:\/\/www.thewispy.com\/esp\/\">https:\/\/www.thewispy.com\/esp\/<\/a>. Todo se explica detalladamente desde la recopilaci\u00f3n de los datos del usuario hasta su uso. En esta pol\u00edtica de privacidad de TheWiSpy se hace referencia a la empresa como &#8220;Nosotros, Nuestro, etc.&#8221;.<\/p>\n<h3>\u00bfC\u00f3mo recogemos y procesamos la informaci\u00f3n del usuario?<\/h3>\n<p>Los usuarios pueden visitar y explorar nuestro sitio web sin obligaci\u00f3n de suministrar ning\u00fan tipo de datos; porque TheWiSpy no solicita datos personales para las visitas al sitio web. Sin embargo, cuando alguien compra nuestra aplicaci\u00f3n de espionaje m\u00f3vil, se le solicitan los datos de usuario. Nuestra empresa recoge la informaci\u00f3n del usuario  por medio del m\u00e9todo de facturaci\u00f3n. La recopilaci\u00f3n de datos incluye: nombre, ubicaci\u00f3n, direcci\u00f3n de vivienda, direcci\u00f3n de correo electr\u00f3nico y las credenciales de la tarjeta de cr\u00e9dito.<\/p>\n<p>No obstante, es de suma importancia que se tenga en claro que al realizar su pago los detalles son enviados a un procesador de pagos al que no podemos acceder.<\/p>\n<p>Luego de cada compra exitosa, TheWiSpy env\u00eda al usuario  una confirmaci\u00f3n al correo electr\u00f3nico suministrado. En nuestro primer correo electr\u00f3nico para el usuario le hacemos llegar un mensaje de bienvenida; con un enlace de verificaci\u00f3n para su inicio de sesi\u00f3n y la contrase\u00f1a. Una vez verificada la cuenta, el usuario contar\u00e1 con el acceso  al panel de control de nuestra aplicaci\u00f3n de espionaje. Los usuarios recibir\u00e1n un correo electr\u00f3nico a toda solicitud o consulta, con las instrucciones correspondientes.  Adicionalmente pueden contar con nuestro soporte de chat en vivo para la resoluci\u00f3n inmediata de cualquier problema.<\/p>\n<p>Es importante tener en cuenta que cualquier dato personal, recogido por los usuarios, podr\u00eda ser utilizado para el inter\u00e9s de nuestra empresa. Los datos del usuario tienen una gran importancia para nosotros porque a trav\u00e9s de ellos podemos mejorar nuestra aplicaci\u00f3n, as\u00ed como la experiencia del usuario.<\/p>\n<p>No obstante, cada usuario debe tener  presente  que no compartimos ning\u00fan detalle de los datos de nuestros clientes con terceros. Sus datos est\u00e1n protegidos por contrase\u00f1as y otros medios que los hacen  inaccesibles para terceros.<\/p>\n<p>Para mayor seguridad, recomendamos a todos  nuestros usuarios el correcto cierre de sesi\u00f3n desde los dispositivos donde accedieron al panel de TheWiSpy. El cierre de sesi\u00f3n asegura que sus datos se mantengan inaccesibles a personas no autorizadas. En este sentido, el usuario es el \u00fanico responsable de la gesti\u00f3n de las actividades de inicio y cierre de sesi\u00f3n.<\/p>\n<p>Siempre podr\u00e1 optar por excluirse de los mensajes promocionales que le enviamos por correo electr\u00f3nico. Para que esto se lleve a cabo, deber\u00e1 hacer clic en el enlace que aparece al pie de p\u00e1gina del correo electr\u00f3nico; con lo que nos har\u00e1 saber que no est\u00e1 interesado en recibir mensajes comerciales.<\/p>\n<h4>\u00bfC\u00f3mo procesamos la informaci\u00f3n del usuario?<\/h4>\n<p>Con total privacidad y respeto por los datos del usuario. La informaci\u00f3n recopilada por nosotros, nunca se comparte con terceros. Nosotros s\u00f3lo compartimos an\u00f3nimamente con terceros los datos demogr\u00e1ficos de los usuarios, como el sexo, el nivel de estudios u otros detalles.<\/p>\n<p>Debe tener en cuenta que siempre al hacer clic sobre el  hiperv\u00ednculo de otro sitio web desde cualquiera de nuestras p\u00e1ginas para ingresar a ese sitio en particular est\u00e1 saliendo de nuestra p\u00e1gina; nuestra responsabilidad de protecci\u00f3n de datos cesa cuando usted abandona nuestro sitio web. Su informaci\u00f3n personal ser\u00e1 entonces recogida y gestionada de acuerdo con la pol\u00edtica de datos del sitio web que visite. Le aconsejamos que consulte la pol\u00edtica de privacidad de los sitios web que visite para verifique de qu\u00e9 modo van a gestionar sus datos.<\/p>\n<p>Nosotros ciframos la informaci\u00f3n del usuario a trav\u00e9s del uso de procedimientos de exploraci\u00f3n de la red y actualizaci\u00f3n del software. De igual modo, nos apoyamos en otras medidas de precauci\u00f3n para garantizar la seguridad de sus datos.<\/p>\n<p>Tambi\u00e9n nos apoyamos en herramientas de terceros para proteger y resguardar la confidencialidad de sus datos; y cortafuegos para limitar sus datos almacenados. Sus datos solo son accesibles para el personal autorizado. Los datos encriptados de nuestros usuarios son resguardados en los servidores de disco, que se descifran una vez que el usuario accede a ellos, mediante el inicio de sesi\u00f3n protegido por contrase\u00f1a.<\/p>\n<h4>Divulgaci\u00f3n legal<\/h4>\n<p>TheWiSpy puede revelar su informaci\u00f3n personal a las agencias de seguridad de la ley. En cumplimiento de las \u00f3rdenes de tribunales y los procedimientos judiciales; revelaremos los datos del usuario con fines leg\u00edtimos.<\/p>\n<p>Los casos en los que se compruebe enga\u00f1o hacia los empleados as\u00ed como el incumplimiento de contratos, requerir\u00e1n la participaci\u00f3n de los organismos legales y de  procedimientos judiciales para la adopci\u00f3n de medidas graves contra los infractores de la ley<\/p>\n<p>Si a futuro, fusion\u00e1ramos nuestro negocio con otra parte, la informaci\u00f3n del usuario se compartir\u00e1 de acuerdo con la fusi\u00f3n o el acuerdo comercial.<\/p>\n<p>Nos reservamos el derecho de modificar o eliminar la informaci\u00f3n actual de los usuarios en nuestro sitio web. Siempre que haya un cambio en alguna de nuestras pol\u00edticas, nuestros clientes recibir\u00e1n un correo electr\u00f3nico de notificaci\u00f3n para aclarar cualquier inquietud. En caso de que  alg\u00fan cliente tenga alguna objeci\u00f3n respecto a nuestras condiciones, tendr\u00e1  la libertad de dejar de utilizar nuestros servicios.<\/p>\n<h5>Edad legal de los usuarios<\/h5>\n<p>Para el uso de nuestro servicio, los usuarios deben tener al menos 18 a\u00f1os. Esta es una pregunta que se realiza a cada usuario al momento del registro. Al registrarse con nuestros servicios, el usuario debe comprobar que cumple los criterios de edad legal.<\/p>\n<p>Dem\u00e1s estar\u00eda mencionar que NO extendemos nuestros servicios a ni\u00f1os o menores de edad. Es responsabilidad de cada usuario evitar el acceso de sus hijos a nuestro sitio web o panel de control.<\/p>\n<p>Para el control parental, el usuario deber\u00e1  autorizar la recopilaci\u00f3n de la informaci\u00f3n personal de sus hijos. Los usuarios deben indicarnos si est\u00e1n utilizando nuestro sitio web como software de control parental; de este modo podremos informarles de qu\u00e9 modo procesamos los datos de los ni\u00f1os en TheWiSpy. No filtramos los datos de sus hijos hacia otra parte.<\/p>\n<h6>Derecho internacional<\/h6>\n<p>Nuestra pol\u00edtica de privacidad cumple con la ley general de protecci\u00f3n de datos,  la cual se aplica seg\u00fan el derecho internacional a todas las naciones aut\u00f3nomas del mundo.<\/p>\n<\/article>\n<\/section>\n","protected":false},"excerpt":{"rendered":"<p>Pol\u00edtica de privacidad de TheWiSpy La siguiente pol\u00edtica de privacidad se aplicar\u00e1 a todas las operaciones que se realicen desde https:\/\/www.thewispy.com\/esp\/. Todo se explica detalladamente desde la recopilaci\u00f3n de los datos del usuario hasta su uso. En esta pol\u00edtica de privacidad de TheWiSpy se hace referencia a la empresa como &#8220;Nosotros, Nuestro, etc.&#8221;. \u00bfC\u00f3mo recogemos [&hellip;]<\/p>\n","protected":false},"author":1,"featured_media":0,"parent":0,"menu_order":0,"comment_status":"closed","ping_status":"closed","template":"","meta":{"footnotes":""},"yoast_head":"<!-- This site is optimized with the Yoast SEO plugin v20.8 - https:\/\/yoast.com\/wordpress\/plugins\/seo\/ -->\n<title>Pol\u00edtica de privacidad | Aplicaci\u00f3n de monitoreo de tel\u00e9fono TheWiSpy<\/title>\n<meta name=\"description\" content=\"La Pol\u00edtica de privacidad de TheWiSpy explica c\u00f3mo recopilamos y procesamos la informaci\u00f3n del usuario. El documento define cada peque\u00f1o detalle sobre c\u00f3mo TheWiSpy recopila y administra los datos personales.\" \/>\n<meta name=\"robots\" content=\"index, follow, max-snippet:-1, max-image-preview:large, max-video-preview:-1\" \/>\n<link rel=\"canonical\" href=\"https:\/\/www.thewispy.com\/esp\/privacy-policy\/\" \/>\n<meta property=\"og:locale\" content=\"en_US\" \/>\n<meta property=\"og:type\" content=\"article\" \/>\n<meta property=\"og:title\" content=\"Pol\u00edtica de privacidad | Aplicaci\u00f3n de monitoreo de tel\u00e9fono TheWiSpy\" \/>\n<meta property=\"og:description\" content=\"La Pol\u00edtica de privacidad de TheWiSpy explica c\u00f3mo recopilamos y procesamos la informaci\u00f3n del usuario. El documento define cada peque\u00f1o detalle sobre c\u00f3mo TheWiSpy recopila y administra los datos personales.\" \/>\n<meta property=\"og:url\" content=\"https:\/\/www.thewispy.com\/esp\/privacy-policy\/\" \/>\n<meta property=\"og:site_name\" content=\"TheWiSpy\" \/>\n<meta property=\"article:publisher\" content=\"https:\/\/www.facebook.com\/thewispyapp\/\" \/>\n<meta property=\"article:modified_time\" content=\"2021-12-06T11:40:23+00:00\" \/>\n<meta property=\"og:image\" content=\"https:\/\/www.thewispy.com\/esp\/wp-content\/uploads\/2020\/09\/TheWiSpy-spy-app-official-logo-768-320.png\" \/>\n\t<meta property=\"og:image:width\" content=\"768\" \/>\n\t<meta property=\"og:image:height\" content=\"320\" \/>\n\t<meta property=\"og:image:type\" content=\"image\/png\" \/>\n<meta name=\"twitter:card\" content=\"summary_large_image\" \/>\n<meta name=\"twitter:site\" content=\"@thewispyapp\" \/>\n<meta name=\"twitter:label1\" content=\"Est. reading time\" \/>\n\t<meta name=\"twitter:data1\" content=\"5 minutes\" \/>\n<script type=\"application\/ld+json\" class=\"yoast-schema-graph\">{\"@context\":\"https:\/\/schema.org\",\"@graph\":[{\"@type\":\"WebPage\",\"@id\":\"https:\/\/www.thewispy.com\/esp\/privacy-policy\/\",\"url\":\"https:\/\/www.thewispy.com\/esp\/privacy-policy\/\",\"name\":\"Pol\u00edtica de privacidad | Aplicaci\u00f3n de monitoreo de tel\u00e9fono TheWiSpy\",\"isPartOf\":{\"@id\":\"https:\/\/www.thewispy.com\/esp\/#website\"},\"datePublished\":\"2020-03-10T09:51:53+00:00\",\"dateModified\":\"2021-12-06T11:40:23+00:00\",\"description\":\"La Pol\u00edtica de privacidad de TheWiSpy explica c\u00f3mo recopilamos y procesamos la informaci\u00f3n del usuario. El documento define cada peque\u00f1o detalle sobre c\u00f3mo TheWiSpy recopila y administra los datos personales.\",\"breadcrumb\":{\"@id\":\"https:\/\/www.thewispy.com\/esp\/privacy-policy\/#breadcrumb\"},\"inLanguage\":\"en-US\",\"potentialAction\":[{\"@type\":\"ReadAction\",\"target\":[\"https:\/\/www.thewispy.com\/esp\/privacy-policy\/\"]}]},{\"@type\":\"BreadcrumbList\",\"@id\":\"https:\/\/www.thewispy.com\/esp\/privacy-policy\/#breadcrumb\",\"itemListElement\":[{\"@type\":\"ListItem\",\"position\":1,\"name\":\"Home\",\"item\":\"https:\/\/www.thewispy.com\/esp\/\"},{\"@type\":\"ListItem\",\"position\":2,\"name\":\"Pol\u00edtica de privacidad\"}]},{\"@type\":\"WebSite\",\"@id\":\"https:\/\/www.thewispy.com\/esp\/#website\",\"url\":\"https:\/\/www.thewispy.com\/esp\/\",\"name\":\"TheWiSpy\",\"description\":\"Aplicaci\u00f3n esp\u00eda para tel\u00e9fonos m\u00f3viles | Software de seguimiento y monitoreo m\u00f3vil\",\"publisher\":{\"@id\":\"https:\/\/www.thewispy.com\/esp\/#organization\"},\"potentialAction\":[{\"@type\":\"SearchAction\",\"target\":{\"@type\":\"EntryPoint\",\"urlTemplate\":\"https:\/\/www.thewispy.com\/esp\/?s={search_term_string}\"},\"query-input\":\"required name=search_term_string\"}],\"inLanguage\":\"en-US\"},{\"@type\":\"Organization\",\"@id\":\"https:\/\/www.thewispy.com\/esp\/#organization\",\"name\":\"TheWiSpy\",\"url\":\"https:\/\/www.thewispy.com\/esp\/\",\"logo\":{\"@type\":\"ImageObject\",\"inLanguage\":\"en-US\",\"@id\":\"https:\/\/www.thewispy.com\/esp\/#\/schema\/logo\/image\/\",\"url\":\"https:\/\/www.thewispy.com\/esp\/wp-content\/uploads\/2020\/09\/TheWiSpy-spy-app-official-logo-768-320.png\",\"contentUrl\":\"https:\/\/www.thewispy.com\/esp\/wp-content\/uploads\/2020\/09\/TheWiSpy-spy-app-official-logo-768-320.png\",\"width\":768,\"height\":320,\"caption\":\"TheWiSpy\"},\"image\":{\"@id\":\"https:\/\/www.thewispy.com\/esp\/#\/schema\/logo\/image\/\"},\"sameAs\":[\"https:\/\/www.facebook.com\/thewispyapp\/\",\"https:\/\/twitter.com\/thewispyapp\",\"https:\/\/www.instagram.com\/wispyapp\/\",\"https:\/\/www.linkedin.com\/company\/thewispy\/\",\"https:\/\/www.pinterest.com\/thewispyapp\/\",\"https:\/\/www.youtube.com\/channel\/UCpLV6oLY1Ot83LBcsKMa7Rg\"]}]}<\/script>\n<!-- \/ Yoast SEO plugin. -->","yoast_head_json":{"title":"Pol\u00edtica de privacidad | Aplicaci\u00f3n de monitoreo de tel\u00e9fono TheWiSpy","description":"La Pol\u00edtica de privacidad de TheWiSpy explica c\u00f3mo recopilamos y procesamos la informaci\u00f3n del usuario. El documento define cada peque\u00f1o detalle sobre c\u00f3mo TheWiSpy recopila y administra los datos personales.","robots":{"index":"index","follow":"follow","max-snippet":"max-snippet:-1","max-image-preview":"max-image-preview:large","max-video-preview":"max-video-preview:-1"},"canonical":"https:\/\/www.thewispy.com\/esp\/privacy-policy\/","og_locale":"en_US","og_type":"article","og_title":"Pol\u00edtica de privacidad | Aplicaci\u00f3n de monitoreo de tel\u00e9fono TheWiSpy","og_description":"La Pol\u00edtica de privacidad de TheWiSpy explica c\u00f3mo recopilamos y procesamos la informaci\u00f3n del usuario. El documento define cada peque\u00f1o detalle sobre c\u00f3mo TheWiSpy recopila y administra los datos personales.","og_url":"https:\/\/www.thewispy.com\/esp\/privacy-policy\/","og_site_name":"TheWiSpy","article_publisher":"https:\/\/www.facebook.com\/thewispyapp\/","article_modified_time":"2021-12-06T11:40:23+00:00","og_image":[{"width":768,"height":320,"url":"https:\/\/www.thewispy.com\/esp\/wp-content\/uploads\/2020\/09\/TheWiSpy-spy-app-official-logo-768-320.png","type":"image\/png"}],"twitter_card":"summary_large_image","twitter_site":"@thewispyapp","twitter_misc":{"Est. reading time":"5 minutes"},"schema":{"@context":"https:\/\/schema.org","@graph":[{"@type":"WebPage","@id":"https:\/\/www.thewispy.com\/esp\/privacy-policy\/","url":"https:\/\/www.thewispy.com\/esp\/privacy-policy\/","name":"Pol\u00edtica de privacidad | Aplicaci\u00f3n de monitoreo de tel\u00e9fono TheWiSpy","isPartOf":{"@id":"https:\/\/www.thewispy.com\/esp\/#website"},"datePublished":"2020-03-10T09:51:53+00:00","dateModified":"2021-12-06T11:40:23+00:00","description":"La Pol\u00edtica de privacidad de TheWiSpy explica c\u00f3mo recopilamos y procesamos la informaci\u00f3n del usuario. El documento define cada peque\u00f1o detalle sobre c\u00f3mo TheWiSpy recopila y administra los datos personales.","breadcrumb":{"@id":"https:\/\/www.thewispy.com\/esp\/privacy-policy\/#breadcrumb"},"inLanguage":"en-US","potentialAction":[{"@type":"ReadAction","target":["https:\/\/www.thewispy.com\/esp\/privacy-policy\/"]}]},{"@type":"BreadcrumbList","@id":"https:\/\/www.thewispy.com\/esp\/privacy-policy\/#breadcrumb","itemListElement":[{"@type":"ListItem","position":1,"name":"Home","item":"https:\/\/www.thewispy.com\/esp\/"},{"@type":"ListItem","position":2,"name":"Pol\u00edtica de privacidad"}]},{"@type":"WebSite","@id":"https:\/\/www.thewispy.com\/esp\/#website","url":"https:\/\/www.thewispy.com\/esp\/","name":"TheWiSpy","description":"Aplicaci\u00f3n esp\u00eda para tel\u00e9fonos m\u00f3viles | Software de seguimiento y monitoreo m\u00f3vil","publisher":{"@id":"https:\/\/www.thewispy.com\/esp\/#organization"},"potentialAction":[{"@type":"SearchAction","target":{"@type":"EntryPoint","urlTemplate":"https:\/\/www.thewispy.com\/esp\/?s={search_term_string}"},"query-input":"required name=search_term_string"}],"inLanguage":"en-US"},{"@type":"Organization","@id":"https:\/\/www.thewispy.com\/esp\/#organization","name":"TheWiSpy","url":"https:\/\/www.thewispy.com\/esp\/","logo":{"@type":"ImageObject","inLanguage":"en-US","@id":"https:\/\/www.thewispy.com\/esp\/#\/schema\/logo\/image\/","url":"https:\/\/www.thewispy.com\/esp\/wp-content\/uploads\/2020\/09\/TheWiSpy-spy-app-official-logo-768-320.png","contentUrl":"https:\/\/www.thewispy.com\/esp\/wp-content\/uploads\/2020\/09\/TheWiSpy-spy-app-official-logo-768-320.png","width":768,"height":320,"caption":"TheWiSpy"},"image":{"@id":"https:\/\/www.thewispy.com\/esp\/#\/schema\/logo\/image\/"},"sameAs":["https:\/\/www.facebook.com\/thewispyapp\/","https:\/\/twitter.com\/thewispyapp","https:\/\/www.instagram.com\/wispyapp\/","https:\/\/www.linkedin.com\/company\/thewispy\/","https:\/\/www.pinterest.com\/thewispyapp\/","https:\/\/www.youtube.com\/channel\/UCpLV6oLY1Ot83LBcsKMa7Rg"]}]}},"_links":{"self":[{"href":"https:\/\/www.thewispy.com\/esp\/wp-json\/wp\/v2\/pages\/301"}],"collection":[{"href":"https:\/\/www.thewispy.com\/esp\/wp-json\/wp\/v2\/pages"}],"about":[{"href":"https:\/\/www.thewispy.com\/esp\/wp-json\/wp\/v2\/types\/page"}],"author":[{"embeddable":true,"href":"https:\/\/www.thewispy.com\/esp\/wp-json\/wp\/v2\/users\/1"}],"replies":[{"embeddable":true,"href":"https:\/\/www.thewispy.com\/esp\/wp-json\/wp\/v2\/comments?post=301"}],"version-history":[{"count":4,"href":"https:\/\/www.thewispy.com\/esp\/wp-json\/wp\/v2\/pages\/301\/revisions"}],"predecessor-version":[{"id":6413,"href":"https:\/\/www.thewispy.com\/esp\/wp-json\/wp\/v2\/pages\/301\/revisions\/6413"}],"wp:attachment":[{"href":"https:\/\/www.thewispy.com\/esp\/wp-json\/wp\/v2\/media?parent=301"}],"curies":[{"name":"wp","href":"https:\/\/api.w.org\/{rel}","templated":true}]}}