{"id":2716,"date":"2020-11-26T12:20:51","date_gmt":"2020-11-26T12:20:51","guid":{"rendered":"https:\/\/www.thewispy.com\/esp\/?page_id=2716"},"modified":"2022-10-26T11:05:27","modified_gmt":"2022-10-26T11:05:27","slug":"compatibility","status":"publish","type":"page","link":"https:\/\/www.thewispy.com\/esp\/compatibility\/","title":{"rendered":"Compatibilidad"},"content":{"rendered":"","protected":false},"excerpt":{"rendered":"","protected":false},"author":1,"featured_media":0,"parent":0,"menu_order":0,"comment_status":"closed","ping_status":"closed","template":"compatibility-template.php","meta":{"footnotes":""},"yoast_head":"<!-- This site is optimized with the Yoast SEO plugin v20.8 - https:\/\/yoast.com\/wordpress\/plugins\/seo\/ -->\n<title>Compruebe la compatibilidad con el \u00faltimo sistema operativo Android | TheWiSpy<\/title>\n<meta name=\"description\" content=\"Verifique su dispositivo, si es compatible con la aplicaci\u00f3n esp\u00eda de Android TheWiSpy. La aplicaci\u00f3n TWS es compatible con Android, Samsung, Huawei, OPPO, LENOVO, LG, SONY y mucho m\u00e1s.\" \/>\n<meta name=\"robots\" content=\"index, follow, max-snippet:-1, max-image-preview:large, max-video-preview:-1\" \/>\n<link rel=\"canonical\" href=\"https:\/\/www.thewispy.com\/esp\/compatibility\/\" \/>\n<meta property=\"og:locale\" content=\"en_US\" \/>\n<meta property=\"og:type\" content=\"article\" \/>\n<meta property=\"og:title\" content=\"Check The Compatibility with Latest Android Operating System | TheWiSpy\" \/>\n<meta property=\"og:description\" content=\"Check your device, if it is compatible with TheWiSpy Android spy app. TWS app support Android, Samsung, Huawei, OPPO, LENOVO, LG, SONY and much more.\" \/>\n<meta property=\"og:url\" content=\"https:\/\/www.thewispy.com\/esp\/compatibility\/\" \/>\n<meta property=\"og:site_name\" content=\"TheWiSpy\" \/>\n<meta property=\"article:publisher\" content=\"https:\/\/www.facebook.com\/thewispyapp\/\" \/>\n<meta property=\"article:modified_time\" content=\"2022-10-26T11:05:27+00:00\" \/>\n<meta property=\"og:image\" content=\"https:\/\/www.thewispy.com\/esp\/wp-content\/uploads\/2020\/09\/TheWiSpy-spy-app-official-logo-768-320.png\" \/>\n\t<meta property=\"og:image:width\" content=\"768\" \/>\n\t<meta property=\"og:image:height\" content=\"320\" \/>\n\t<meta property=\"og:image:type\" content=\"image\/png\" \/>\n<meta name=\"twitter:card\" content=\"summary_large_image\" \/>\n<meta name=\"twitter:title\" content=\"Check The Compatibility with Latest Android Operating System | TheWiSpy\" \/>\n<meta name=\"twitter:description\" content=\"Check your device, if it is compatible with TheWiSpy Android spy app. TWS app support Android, Samsung, Huawei, OPPO, LENOVO, LG, SONY and much more.\" \/>\n<meta name=\"twitter:site\" content=\"@thewispyapp\" \/>\n<script type=\"application\/ld+json\" class=\"yoast-schema-graph\">{\"@context\":\"https:\/\/schema.org\",\"@graph\":[{\"@type\":\"WebPage\",\"@id\":\"https:\/\/www.thewispy.com\/esp\/compatibility\/\",\"url\":\"https:\/\/www.thewispy.com\/esp\/compatibility\/\",\"name\":\"Compruebe la compatibilidad con el \u00faltimo sistema operativo Android | TheWiSpy\",\"isPartOf\":{\"@id\":\"https:\/\/www.thewispy.com\/esp\/#website\"},\"datePublished\":\"2020-11-26T12:20:51+00:00\",\"dateModified\":\"2022-10-26T11:05:27+00:00\",\"description\":\"Verifique su dispositivo, si es compatible con la aplicaci\u00f3n esp\u00eda de Android TheWiSpy. La aplicaci\u00f3n TWS es compatible con Android, Samsung, Huawei, OPPO, LENOVO, LG, SONY y mucho m\u00e1s.\",\"breadcrumb\":{\"@id\":\"https:\/\/www.thewispy.com\/esp\/compatibility\/#breadcrumb\"},\"inLanguage\":\"en-US\",\"potentialAction\":[{\"@type\":\"ReadAction\",\"target\":[\"https:\/\/www.thewispy.com\/esp\/compatibility\/\"]}]},{\"@type\":\"BreadcrumbList\",\"@id\":\"https:\/\/www.thewispy.com\/esp\/compatibility\/#breadcrumb\",\"itemListElement\":[{\"@type\":\"ListItem\",\"position\":1,\"name\":\"Home\",\"item\":\"https:\/\/www.thewispy.com\/esp\/\"},{\"@type\":\"ListItem\",\"position\":2,\"name\":\"Compatibilidad\"}]},{\"@type\":\"WebSite\",\"@id\":\"https:\/\/www.thewispy.com\/esp\/#website\",\"url\":\"https:\/\/www.thewispy.com\/esp\/\",\"name\":\"TheWiSpy\",\"description\":\"Aplicaci\u00f3n esp\u00eda para tel\u00e9fonos m\u00f3viles | Software de seguimiento y monitoreo m\u00f3vil\",\"publisher\":{\"@id\":\"https:\/\/www.thewispy.com\/esp\/#organization\"},\"potentialAction\":[{\"@type\":\"SearchAction\",\"target\":{\"@type\":\"EntryPoint\",\"urlTemplate\":\"https:\/\/www.thewispy.com\/esp\/?s={search_term_string}\"},\"query-input\":\"required name=search_term_string\"}],\"inLanguage\":\"en-US\"},{\"@type\":\"Organization\",\"@id\":\"https:\/\/www.thewispy.com\/esp\/#organization\",\"name\":\"TheWiSpy\",\"url\":\"https:\/\/www.thewispy.com\/esp\/\",\"logo\":{\"@type\":\"ImageObject\",\"inLanguage\":\"en-US\",\"@id\":\"https:\/\/www.thewispy.com\/esp\/#\/schema\/logo\/image\/\",\"url\":\"https:\/\/www.thewispy.com\/esp\/wp-content\/uploads\/2020\/09\/TheWiSpy-spy-app-official-logo-768-320.png\",\"contentUrl\":\"https:\/\/www.thewispy.com\/esp\/wp-content\/uploads\/2020\/09\/TheWiSpy-spy-app-official-logo-768-320.png\",\"width\":768,\"height\":320,\"caption\":\"TheWiSpy\"},\"image\":{\"@id\":\"https:\/\/www.thewispy.com\/esp\/#\/schema\/logo\/image\/\"},\"sameAs\":[\"https:\/\/www.facebook.com\/thewispyapp\/\",\"https:\/\/twitter.com\/thewispyapp\",\"https:\/\/www.instagram.com\/wispyapp\/\",\"https:\/\/www.linkedin.com\/company\/thewispy\/\",\"https:\/\/www.pinterest.com\/thewispyapp\/\",\"https:\/\/www.youtube.com\/channel\/UCpLV6oLY1Ot83LBcsKMa7Rg\"]}]}<\/script>\n<!-- \/ Yoast SEO plugin. -->","yoast_head_json":{"title":"Compruebe la compatibilidad con el \u00faltimo sistema operativo Android | TheWiSpy","description":"Verifique su dispositivo, si es compatible con la aplicaci\u00f3n esp\u00eda de Android TheWiSpy. La aplicaci\u00f3n TWS es compatible con Android, Samsung, Huawei, OPPO, LENOVO, LG, SONY y mucho m\u00e1s.","robots":{"index":"index","follow":"follow","max-snippet":"max-snippet:-1","max-image-preview":"max-image-preview:large","max-video-preview":"max-video-preview:-1"},"canonical":"https:\/\/www.thewispy.com\/esp\/compatibility\/","og_locale":"en_US","og_type":"article","og_title":"Check The Compatibility with Latest Android Operating System | TheWiSpy","og_description":"Check your device, if it is compatible with TheWiSpy Android spy app. TWS app support Android, Samsung, Huawei, OPPO, LENOVO, LG, SONY and much more.","og_url":"https:\/\/www.thewispy.com\/esp\/compatibility\/","og_site_name":"TheWiSpy","article_publisher":"https:\/\/www.facebook.com\/thewispyapp\/","article_modified_time":"2022-10-26T11:05:27+00:00","og_image":[{"width":768,"height":320,"url":"https:\/\/www.thewispy.com\/esp\/wp-content\/uploads\/2020\/09\/TheWiSpy-spy-app-official-logo-768-320.png","type":"image\/png"}],"twitter_card":"summary_large_image","twitter_title":"Check The Compatibility with Latest Android Operating System | TheWiSpy","twitter_description":"Check your device, if it is compatible with TheWiSpy Android spy app. TWS app support Android, Samsung, Huawei, OPPO, LENOVO, LG, SONY and much more.","twitter_site":"@thewispyapp","schema":{"@context":"https:\/\/schema.org","@graph":[{"@type":"WebPage","@id":"https:\/\/www.thewispy.com\/esp\/compatibility\/","url":"https:\/\/www.thewispy.com\/esp\/compatibility\/","name":"Compruebe la compatibilidad con el \u00faltimo sistema operativo Android | TheWiSpy","isPartOf":{"@id":"https:\/\/www.thewispy.com\/esp\/#website"},"datePublished":"2020-11-26T12:20:51+00:00","dateModified":"2022-10-26T11:05:27+00:00","description":"Verifique su dispositivo, si es compatible con la aplicaci\u00f3n esp\u00eda de Android TheWiSpy. La aplicaci\u00f3n TWS es compatible con Android, Samsung, Huawei, OPPO, LENOVO, LG, SONY y mucho m\u00e1s.","breadcrumb":{"@id":"https:\/\/www.thewispy.com\/esp\/compatibility\/#breadcrumb"},"inLanguage":"en-US","potentialAction":[{"@type":"ReadAction","target":["https:\/\/www.thewispy.com\/esp\/compatibility\/"]}]},{"@type":"BreadcrumbList","@id":"https:\/\/www.thewispy.com\/esp\/compatibility\/#breadcrumb","itemListElement":[{"@type":"ListItem","position":1,"name":"Home","item":"https:\/\/www.thewispy.com\/esp\/"},{"@type":"ListItem","position":2,"name":"Compatibilidad"}]},{"@type":"WebSite","@id":"https:\/\/www.thewispy.com\/esp\/#website","url":"https:\/\/www.thewispy.com\/esp\/","name":"TheWiSpy","description":"Aplicaci\u00f3n esp\u00eda para tel\u00e9fonos m\u00f3viles | Software de seguimiento y monitoreo m\u00f3vil","publisher":{"@id":"https:\/\/www.thewispy.com\/esp\/#organization"},"potentialAction":[{"@type":"SearchAction","target":{"@type":"EntryPoint","urlTemplate":"https:\/\/www.thewispy.com\/esp\/?s={search_term_string}"},"query-input":"required name=search_term_string"}],"inLanguage":"en-US"},{"@type":"Organization","@id":"https:\/\/www.thewispy.com\/esp\/#organization","name":"TheWiSpy","url":"https:\/\/www.thewispy.com\/esp\/","logo":{"@type":"ImageObject","inLanguage":"en-US","@id":"https:\/\/www.thewispy.com\/esp\/#\/schema\/logo\/image\/","url":"https:\/\/www.thewispy.com\/esp\/wp-content\/uploads\/2020\/09\/TheWiSpy-spy-app-official-logo-768-320.png","contentUrl":"https:\/\/www.thewispy.com\/esp\/wp-content\/uploads\/2020\/09\/TheWiSpy-spy-app-official-logo-768-320.png","width":768,"height":320,"caption":"TheWiSpy"},"image":{"@id":"https:\/\/www.thewispy.com\/esp\/#\/schema\/logo\/image\/"},"sameAs":["https:\/\/www.facebook.com\/thewispyapp\/","https:\/\/twitter.com\/thewispyapp","https:\/\/www.instagram.com\/wispyapp\/","https:\/\/www.linkedin.com\/company\/thewispy\/","https:\/\/www.pinterest.com\/thewispyapp\/","https:\/\/www.youtube.com\/channel\/UCpLV6oLY1Ot83LBcsKMa7Rg"]}]}},"_links":{"self":[{"href":"https:\/\/www.thewispy.com\/esp\/wp-json\/wp\/v2\/pages\/2716"}],"collection":[{"href":"https:\/\/www.thewispy.com\/esp\/wp-json\/wp\/v2\/pages"}],"about":[{"href":"https:\/\/www.thewispy.com\/esp\/wp-json\/wp\/v2\/types\/page"}],"author":[{"embeddable":true,"href":"https:\/\/www.thewispy.com\/esp\/wp-json\/wp\/v2\/users\/1"}],"replies":[{"embeddable":true,"href":"https:\/\/www.thewispy.com\/esp\/wp-json\/wp\/v2\/comments?post=2716"}],"version-history":[{"count":10,"href":"https:\/\/www.thewispy.com\/esp\/wp-json\/wp\/v2\/pages\/2716\/revisions"}],"predecessor-version":[{"id":7075,"href":"https:\/\/www.thewispy.com\/esp\/wp-json\/wp\/v2\/pages\/2716\/revisions\/7075"}],"wp:attachment":[{"href":"https:\/\/www.thewispy.com\/esp\/wp-json\/wp\/v2\/media?parent=2716"}],"curies":[{"name":"wp","href":"https:\/\/api.w.org\/{rel}","templated":true}]}}