{"id":2188,"date":"2020-09-25T12:10:20","date_gmt":"2020-09-25T12:10:20","guid":{"rendered":"https:\/\/www.thewispy.com\/esp\/?page_id=2188"},"modified":"2022-10-14T18:51:21","modified_gmt":"2022-10-14T18:51:21","slug":"spy-camera","status":"publish","type":"page","link":"https:\/\/www.thewispy.com\/esp\/spy-camera\/","title":{"rendered":"C\u00e1mara esp\u00eda"},"content":{"rendered":"","protected":false},"excerpt":{"rendered":"","protected":false},"author":1,"featured_media":0,"parent":9,"menu_order":0,"comment_status":"closed","ping_status":"closed","template":"spy-on-camera-template.php","meta":{"footnotes":""},"yoast_head":"<!-- This site is optimized with the Yoast SEO plugin v20.8 - https:\/\/yoast.com\/wordpress\/plugins\/seo\/ -->\n<title>Camara espia | C\u00e1mara remota | Aplicaci\u00f3n de c\u00e1mara oculta | TheWiSpy<\/title>\n<meta name=\"description\" content=\"TheWiSpy es la mejor aplicaci\u00f3n de c\u00e1mara oculta que ayuda a los usuarios a controlar la c\u00e1mara del dispositivo de destino. Instale Remote Camera en Android para capturar fotos.\" \/>\n<meta name=\"robots\" content=\"index, follow, max-snippet:-1, max-image-preview:large, max-video-preview:-1\" \/>\n<link rel=\"canonical\" href=\"https:\/\/www.thewispy.com\/esp\/spy-camera\/\" \/>\n<meta property=\"og:locale\" content=\"en_US\" \/>\n<meta property=\"og:type\" content=\"article\" \/>\n<meta property=\"og:title\" content=\"SpyCam | Remote Camera | Hidden Spy Camera App | TheWiSpy\" \/>\n<meta property=\"og:description\" content=\"TheWiSpy is best hidden spy camera app help users to control target device cam. Install TWS photo capturing SpyCam on Android phone and remotely capture camera photos, monitor snaps, and view surrounding.\" \/>\n<meta property=\"og:url\" content=\"https:\/\/www.thewispy.com\/esp\/spy-camera\/\" \/>\n<meta property=\"og:site_name\" content=\"TheWiSpy\" \/>\n<meta property=\"article:publisher\" content=\"https:\/\/www.facebook.com\/thewispyapp\/\" \/>\n<meta property=\"article:modified_time\" content=\"2022-10-14T18:51:21+00:00\" \/>\n<meta property=\"og:image\" content=\"https:\/\/www.thewispy.com\/esp\/wp-content\/uploads\/2020\/09\/TheWiSpy-spy-app-official-logo-768-320.png\" \/>\n\t<meta property=\"og:image:width\" content=\"768\" \/>\n\t<meta property=\"og:image:height\" content=\"320\" \/>\n\t<meta property=\"og:image:type\" content=\"image\/png\" \/>\n<meta name=\"twitter:card\" content=\"summary_large_image\" \/>\n<meta name=\"twitter:title\" content=\"SpyCam | Remote Camera | Hidden Spy Camera App | TheWiSpy\" \/>\n<meta name=\"twitter:description\" content=\"TheWiSpy is best hidden spy camera app help users to control target device cam. Install TWS photo capturing SpyCam on Android phone and remotely capture camera photos, monitor snaps, and view surrounding.\" \/>\n<meta name=\"twitter:site\" content=\"@thewispyapp\" \/>\n<script type=\"application\/ld+json\" class=\"yoast-schema-graph\">{\"@context\":\"https:\/\/schema.org\",\"@graph\":[{\"@type\":\"WebPage\",\"@id\":\"https:\/\/www.thewispy.com\/esp\/spy-camera\/\",\"url\":\"https:\/\/www.thewispy.com\/esp\/spy-camera\/\",\"name\":\"Camara espia | C\u00e1mara remota | Aplicaci\u00f3n de c\u00e1mara oculta | TheWiSpy\",\"isPartOf\":{\"@id\":\"https:\/\/www.thewispy.com\/esp\/#website\"},\"datePublished\":\"2020-09-25T12:10:20+00:00\",\"dateModified\":\"2022-10-14T18:51:21+00:00\",\"description\":\"TheWiSpy es la mejor aplicaci\u00f3n de c\u00e1mara oculta que ayuda a los usuarios a controlar la c\u00e1mara del dispositivo de destino. Instale Remote Camera en Android para capturar fotos.\",\"breadcrumb\":{\"@id\":\"https:\/\/www.thewispy.com\/esp\/spy-camera\/#breadcrumb\"},\"inLanguage\":\"en-US\",\"potentialAction\":[{\"@type\":\"ReadAction\",\"target\":[\"https:\/\/www.thewispy.com\/esp\/spy-camera\/\"]}]},{\"@type\":\"BreadcrumbList\",\"@id\":\"https:\/\/www.thewispy.com\/esp\/spy-camera\/#breadcrumb\",\"itemListElement\":[{\"@type\":\"ListItem\",\"position\":1,\"name\":\"Home\",\"item\":\"https:\/\/www.thewispy.com\/esp\/\"},{\"@type\":\"ListItem\",\"position\":2,\"name\":\"Caracter\u00edstica\",\"item\":\"https:\/\/www.thewispy.com\/esp\/features\/\"},{\"@type\":\"ListItem\",\"position\":3,\"name\":\"C\u00e1mara esp\u00eda\"}]},{\"@type\":\"WebSite\",\"@id\":\"https:\/\/www.thewispy.com\/esp\/#website\",\"url\":\"https:\/\/www.thewispy.com\/esp\/\",\"name\":\"TheWiSpy\",\"description\":\"Aplicaci\u00f3n esp\u00eda para tel\u00e9fonos m\u00f3viles | Software de seguimiento y monitoreo m\u00f3vil\",\"publisher\":{\"@id\":\"https:\/\/www.thewispy.com\/esp\/#organization\"},\"potentialAction\":[{\"@type\":\"SearchAction\",\"target\":{\"@type\":\"EntryPoint\",\"urlTemplate\":\"https:\/\/www.thewispy.com\/esp\/?s={search_term_string}\"},\"query-input\":\"required name=search_term_string\"}],\"inLanguage\":\"en-US\"},{\"@type\":\"Organization\",\"@id\":\"https:\/\/www.thewispy.com\/esp\/#organization\",\"name\":\"TheWiSpy\",\"url\":\"https:\/\/www.thewispy.com\/esp\/\",\"logo\":{\"@type\":\"ImageObject\",\"inLanguage\":\"en-US\",\"@id\":\"https:\/\/www.thewispy.com\/esp\/#\/schema\/logo\/image\/\",\"url\":\"https:\/\/www.thewispy.com\/esp\/wp-content\/uploads\/2020\/09\/TheWiSpy-spy-app-official-logo-768-320.png\",\"contentUrl\":\"https:\/\/www.thewispy.com\/esp\/wp-content\/uploads\/2020\/09\/TheWiSpy-spy-app-official-logo-768-320.png\",\"width\":768,\"height\":320,\"caption\":\"TheWiSpy\"},\"image\":{\"@id\":\"https:\/\/www.thewispy.com\/esp\/#\/schema\/logo\/image\/\"},\"sameAs\":[\"https:\/\/www.facebook.com\/thewispyapp\/\",\"https:\/\/twitter.com\/thewispyapp\",\"https:\/\/www.instagram.com\/wispyapp\/\",\"https:\/\/www.linkedin.com\/company\/thewispy\/\",\"https:\/\/www.pinterest.com\/thewispyapp\/\",\"https:\/\/www.youtube.com\/channel\/UCpLV6oLY1Ot83LBcsKMa7Rg\"]}]}<\/script>\n<!-- \/ Yoast SEO plugin. -->","yoast_head_json":{"title":"Camara espia | C\u00e1mara remota | Aplicaci\u00f3n de c\u00e1mara oculta | TheWiSpy","description":"TheWiSpy es la mejor aplicaci\u00f3n de c\u00e1mara oculta que ayuda a los usuarios a controlar la c\u00e1mara del dispositivo de destino. Instale Remote Camera en Android para capturar fotos.","robots":{"index":"index","follow":"follow","max-snippet":"max-snippet:-1","max-image-preview":"max-image-preview:large","max-video-preview":"max-video-preview:-1"},"canonical":"https:\/\/www.thewispy.com\/esp\/spy-camera\/","og_locale":"en_US","og_type":"article","og_title":"SpyCam | Remote Camera | Hidden Spy Camera App | TheWiSpy","og_description":"TheWiSpy is best hidden spy camera app help users to control target device cam. Install TWS photo capturing SpyCam on Android phone and remotely capture camera photos, monitor snaps, and view surrounding.","og_url":"https:\/\/www.thewispy.com\/esp\/spy-camera\/","og_site_name":"TheWiSpy","article_publisher":"https:\/\/www.facebook.com\/thewispyapp\/","article_modified_time":"2022-10-14T18:51:21+00:00","og_image":[{"width":768,"height":320,"url":"https:\/\/www.thewispy.com\/esp\/wp-content\/uploads\/2020\/09\/TheWiSpy-spy-app-official-logo-768-320.png","type":"image\/png"}],"twitter_card":"summary_large_image","twitter_title":"SpyCam | Remote Camera | Hidden Spy Camera App | TheWiSpy","twitter_description":"TheWiSpy is best hidden spy camera app help users to control target device cam. Install TWS photo capturing SpyCam on Android phone and remotely capture camera photos, monitor snaps, and view surrounding.","twitter_site":"@thewispyapp","schema":{"@context":"https:\/\/schema.org","@graph":[{"@type":"WebPage","@id":"https:\/\/www.thewispy.com\/esp\/spy-camera\/","url":"https:\/\/www.thewispy.com\/esp\/spy-camera\/","name":"Camara espia | C\u00e1mara remota | Aplicaci\u00f3n de c\u00e1mara oculta | TheWiSpy","isPartOf":{"@id":"https:\/\/www.thewispy.com\/esp\/#website"},"datePublished":"2020-09-25T12:10:20+00:00","dateModified":"2022-10-14T18:51:21+00:00","description":"TheWiSpy es la mejor aplicaci\u00f3n de c\u00e1mara oculta que ayuda a los usuarios a controlar la c\u00e1mara del dispositivo de destino. Instale Remote Camera en Android para capturar fotos.","breadcrumb":{"@id":"https:\/\/www.thewispy.com\/esp\/spy-camera\/#breadcrumb"},"inLanguage":"en-US","potentialAction":[{"@type":"ReadAction","target":["https:\/\/www.thewispy.com\/esp\/spy-camera\/"]}]},{"@type":"BreadcrumbList","@id":"https:\/\/www.thewispy.com\/esp\/spy-camera\/#breadcrumb","itemListElement":[{"@type":"ListItem","position":1,"name":"Home","item":"https:\/\/www.thewispy.com\/esp\/"},{"@type":"ListItem","position":2,"name":"Caracter\u00edstica","item":"https:\/\/www.thewispy.com\/esp\/features\/"},{"@type":"ListItem","position":3,"name":"C\u00e1mara esp\u00eda"}]},{"@type":"WebSite","@id":"https:\/\/www.thewispy.com\/esp\/#website","url":"https:\/\/www.thewispy.com\/esp\/","name":"TheWiSpy","description":"Aplicaci\u00f3n esp\u00eda para tel\u00e9fonos m\u00f3viles | Software de seguimiento y monitoreo m\u00f3vil","publisher":{"@id":"https:\/\/www.thewispy.com\/esp\/#organization"},"potentialAction":[{"@type":"SearchAction","target":{"@type":"EntryPoint","urlTemplate":"https:\/\/www.thewispy.com\/esp\/?s={search_term_string}"},"query-input":"required name=search_term_string"}],"inLanguage":"en-US"},{"@type":"Organization","@id":"https:\/\/www.thewispy.com\/esp\/#organization","name":"TheWiSpy","url":"https:\/\/www.thewispy.com\/esp\/","logo":{"@type":"ImageObject","inLanguage":"en-US","@id":"https:\/\/www.thewispy.com\/esp\/#\/schema\/logo\/image\/","url":"https:\/\/www.thewispy.com\/esp\/wp-content\/uploads\/2020\/09\/TheWiSpy-spy-app-official-logo-768-320.png","contentUrl":"https:\/\/www.thewispy.com\/esp\/wp-content\/uploads\/2020\/09\/TheWiSpy-spy-app-official-logo-768-320.png","width":768,"height":320,"caption":"TheWiSpy"},"image":{"@id":"https:\/\/www.thewispy.com\/esp\/#\/schema\/logo\/image\/"},"sameAs":["https:\/\/www.facebook.com\/thewispyapp\/","https:\/\/twitter.com\/thewispyapp","https:\/\/www.instagram.com\/wispyapp\/","https:\/\/www.linkedin.com\/company\/thewispy\/","https:\/\/www.pinterest.com\/thewispyapp\/","https:\/\/www.youtube.com\/channel\/UCpLV6oLY1Ot83LBcsKMa7Rg"]}]}},"_links":{"self":[{"href":"https:\/\/www.thewispy.com\/esp\/wp-json\/wp\/v2\/pages\/2188"}],"collection":[{"href":"https:\/\/www.thewispy.com\/esp\/wp-json\/wp\/v2\/pages"}],"about":[{"href":"https:\/\/www.thewispy.com\/esp\/wp-json\/wp\/v2\/types\/page"}],"author":[{"embeddable":true,"href":"https:\/\/www.thewispy.com\/esp\/wp-json\/wp\/v2\/users\/1"}],"replies":[{"embeddable":true,"href":"https:\/\/www.thewispy.com\/esp\/wp-json\/wp\/v2\/comments?post=2188"}],"version-history":[{"count":9,"href":"https:\/\/www.thewispy.com\/esp\/wp-json\/wp\/v2\/pages\/2188\/revisions"}],"predecessor-version":[{"id":7062,"href":"https:\/\/www.thewispy.com\/esp\/wp-json\/wp\/v2\/pages\/2188\/revisions\/7062"}],"up":[{"embeddable":true,"href":"https:\/\/www.thewispy.com\/esp\/wp-json\/wp\/v2\/pages\/9"}],"wp:attachment":[{"href":"https:\/\/www.thewispy.com\/esp\/wp-json\/wp\/v2\/media?parent=2188"}],"curies":[{"name":"wp","href":"https:\/\/api.w.org\/{rel}","templated":true}]}}